{"id":2937,"date":"2024-07-08T17:26:24","date_gmt":"2024-07-08T17:26:24","guid":{"rendered":"http:\/\/cvjm-test.local\/?page_id=2937"},"modified":"2026-04-15T16:46:52","modified_gmt":"2026-04-15T16:46:52","slug":"familien-glanz-zeit","status":"publish","type":"page","link":"https:\/\/cvjm-waiblingen.de\/index.php\/familien-glanz-zeit\/","title":{"rendered":"FamilienGlanzZeit"},"content":{"rendered":"\n<div class=\"alignnormal\"><div id=\"metaslider-id-2950\" style=\"width: 100%;\" class=\"ml-slider-3-109-0 metaslider metaslider-flex metaslider-2950 ml-slider has-dots-nav ms-theme-default\" role=\"region\" aria-label=\"Familien-Glanz-Zeit\" data-height=\"300\" data-width=\"700\">\n    <div id=\"metaslider_container_2950\">\n        <div id=\"metaslider_2950\">\n            <ul class='slides'>\n                <li style=\"display: block; width: 100%;\" class=\"slide-2959 ms-image \" aria-roledescription=\"slide\" data-date=\"2024-07-08 17:44:01\" data-filename=\"IMG_7219-1-scaled-700x300.jpg\" data-slide-type=\"image\"><img loading=\"lazy\" decoding=\"async\" src=\"https:\/\/cvjm-waiblingen.de\/wp-content\/uploads\/2024\/07\/IMG_7219-1-scaled-700x300.jpg\" height=\"300\" width=\"700\" alt=\"\" class=\"slider-2950 slide-2959 msDefaultImage\" title=\"IMG_7219\" \/><\/li>\n                <li style=\"display: none; width: 100%;\" class=\"slide-2960 ms-image \" aria-roledescription=\"slide\" data-date=\"2024-07-08 17:44:29\" data-filename=\"IMG_2019-scaled-700x300.jpg\" data-slide-type=\"image\"><img loading=\"lazy\" decoding=\"async\" src=\"https:\/\/cvjm-waiblingen.de\/wp-content\/uploads\/2024\/07\/IMG_2019-scaled-700x300.jpg\" height=\"300\" width=\"700\" alt=\"\" class=\"slider-2950 slide-2960 msDefaultImage\" title=\"IMG_2019\" \/><\/li>\n                <li style=\"display: none; width: 100%;\" class=\"slide-2961 ms-image \" aria-roledescription=\"slide\" data-date=\"2024-07-08 17:44:35\" data-filename=\"IMG_1772-scaled-700x300.jpeg\" data-slide-type=\"image\"><img loading=\"lazy\" decoding=\"async\" src=\"https:\/\/cvjm-waiblingen.de\/wp-content\/uploads\/2025\/01\/IMG_1772-scaled-700x300.jpeg\" height=\"300\" width=\"700\" alt=\"\" class=\"slider-2950 slide-2961 msDefaultImage\" title=\"IMG_1772\" \/><\/li>\n                <li style=\"display: none; width: 100%;\" class=\"slide-2962 ms-image \" aria-roledescription=\"slide\" data-date=\"2024-07-08 17:44:39\" data-filename=\"IMG_1325-scaled-700x300.jpeg\" data-slide-type=\"image\"><img loading=\"lazy\" decoding=\"async\" src=\"https:\/\/cvjm-waiblingen.de\/wp-content\/uploads\/2025\/01\/IMG_1325-scaled-700x300.jpeg\" height=\"300\" width=\"700\" alt=\"\" class=\"slider-2950 slide-2962 msDefaultImage\" title=\"IMG_1325\" \/><\/li>\n            <\/ul>\n        <\/div>\n        \n    <\/div>\n<\/div><\/div>\n\n\n\n<div class=\"wp-block-columns is-style-blockbooster-boxshadow is-layout-flex wp-container-core-columns-is-layout-28f84493 wp-block-columns-is-layout-flex\">\n<div class=\"wp-block-column is-layout-flow wp-block-column-is-layout-flow\">\n<p class=\"has-dark-color-color has-text-color\"><strong>Herzliche Einladung zur FamilienGlanzZeit im CVJM \u2013 f\u00fcr die ganze Familie.<\/strong> <br><br>Hier ist Zeit zum Feiern, Singen, Spielen, Basteln, Bauen, Krabbeln, Beten, Nachdenken, Kuchen essen, Kaba und Kaffee trinken.<br>Sonntagnachmittag von 14-17 Uhr (Ausfl\u00fcge andere Uhrzeit beachten) geht es rund in der Talstra\u00dfe 11 in Waiblingen. Da wird gegessen, gelacht und gebaut. V\u00e4ter und M\u00fctter und Kinder und Freunde und du \u2026<br><br>Sei dabei!<br><br><\/p>\n<\/div>\n<\/div>\n\n\n\n<div class=\"wp-block-columns is-style-blockbooster-boxshadow has-dark-shade-color has-text-color is-layout-flex wp-container-core-columns-is-layout-28f84493 wp-block-columns-is-layout-flex\">\n<div class=\"wp-block-column is-layout-flow wp-block-column-is-layout-flow\">\n<h4 class=\"wp-block-heading has-dark-shade-color has-text-color\">Termine<\/h4>\n\n\n\n<p><br>SO 14.06.2026 Sch\u00f6pfung gemeinsam erleben<br>SO 20.09.2026 Ausflug im Herbst 10.00- 17.00 Uhr<br>13.11.- 15.11. 2026 Freizeit Schmalenberg<br>SO 06.12.2026 Weihnachtsglanz % Vorfreude &#8211; 14.00- 17.00 Uhr<\/p>\n\n\n\n<p class=\"has-dark-shade-color has-text-color\">Kontakt: Familienglanzzeit@cvjm-waiblingen.de<\/p>\n<\/div>\n<\/div>\n\n\n\n<div class=\"wp-block-columns is-layout-flex wp-container-core-columns-is-layout-28f84493 wp-block-columns-is-layout-flex\">\n<div class=\"wp-block-column is-style-blockbooster-boxshadow is-layout-flow wp-block-column-is-layout-flow\"><\/div>\n<\/div>\n\n\n\n<div class=\"wp-block-columns is-layout-flex wp-container-core-columns-is-layout-28f84493 wp-block-columns-is-layout-flex\">\n<div class=\"wp-block-column is-layout-flow wp-block-column-is-layout-flow\"><\/div>\n<\/div>\n","protected":false},"excerpt":{"rendered":"<p>Herzliche Einladung zur FamilienGlanzZeit im CVJM \u2013 f\u00fcr die ganze Familie. Hier ist Zeit zum Feiern, Singen, Spielen, Basteln, Bauen, Krabbeln, Beten, Nachdenken, Kuchen essen, Kaba und Kaffee trinken.Sonntagnachmittag von 14-17 Uhr (Ausfl\u00fcge andere Uhrzeit beachten) geht es rund in der Talstra\u00dfe 11 in Waiblingen. Da wird gegessen, gelacht und gebaut. V\u00e4ter und M\u00fctter und&#8230;<\/p>\n","protected":false},"author":1,"featured_media":0,"parent":0,"menu_order":0,"comment_status":"closed","ping_status":"closed","template":"","meta":{"footnotes":""},"class_list":["post-2937","page","type-page","status-publish","hentry"],"_links":{"self":[{"href":"https:\/\/cvjm-waiblingen.de\/index.php\/wp-json\/wp\/v2\/pages\/2937","targetHints":{"allow":["GET"]}}],"collection":[{"href":"https:\/\/cvjm-waiblingen.de\/index.php\/wp-json\/wp\/v2\/pages"}],"about":[{"href":"https:\/\/cvjm-waiblingen.de\/index.php\/wp-json\/wp\/v2\/types\/page"}],"author":[{"embeddable":true,"href":"https:\/\/cvjm-waiblingen.de\/index.php\/wp-json\/wp\/v2\/users\/1"}],"replies":[{"embeddable":true,"href":"https:\/\/cvjm-waiblingen.de\/index.php\/wp-json\/wp\/v2\/comments?post=2937"}],"version-history":[{"count":28,"href":"https:\/\/cvjm-waiblingen.de\/index.php\/wp-json\/wp\/v2\/pages\/2937\/revisions"}],"predecessor-version":[{"id":3922,"href":"https:\/\/cvjm-waiblingen.de\/index.php\/wp-json\/wp\/v2\/pages\/2937\/revisions\/3922"}],"wp:attachment":[{"href":"https:\/\/cvjm-waiblingen.de\/index.php\/wp-json\/wp\/v2\/media?parent=2937"}],"curies":[{"name":"wp","href":"https:\/\/api.w.org\/{rel}","templated":true}]}}