{"id":2995,"date":"2024-09-10T02:35:26","date_gmt":"2024-09-10T02:35:26","guid":{"rendered":"http:\/\/cvjm-test.local\/?page_id=2995"},"modified":"2024-10-28T11:46:52","modified_gmt":"2024-10-28T11:46:52","slug":"cvjm-ladle","status":"publish","type":"page","link":"https:\/\/cvjm-waiblingen.de\/index.php\/cvjm-ladle\/","title":{"rendered":"CVJM L\u00e4dle"},"content":{"rendered":"\n<div class=\"alignnormal\"><div id=\"metaslider-id-2999\" style=\"width: 100%;\" class=\"ml-slider-3-109-0 metaslider metaslider-flex metaslider-2999 ml-slider has-dots-nav ms-theme-default\" role=\"region\" aria-label=\"CVJM L\u00e4dle\" data-height=\"300\" data-width=\"700\">\n    <div id=\"metaslider_container_2999\">\n        <div id=\"metaslider_2999\">\n            <ul class='slides'>\n                <li style=\"display: block; width: 100%;\" class=\"slide-3000 ms-image \" aria-roledescription=\"slide\" data-date=\"2024-09-10 02:39:00\" data-filename=\"cvjmlaedle4-scaled-700x300.jpg\" data-slide-type=\"image\"><img loading=\"lazy\" decoding=\"async\" src=\"https:\/\/cvjm-waiblingen.de\/wp-content\/uploads\/2017\/02\/cvjmlaedle4-scaled-700x300.jpg\" height=\"300\" width=\"700\" alt=\"\" class=\"slider-2999 slide-3000 msDefaultImage\" title=\"cvjmlaedle4\" \/><\/li>\n                <li style=\"display: none; width: 100%;\" class=\"slide-3001 ms-image \" aria-roledescription=\"slide\" data-date=\"2024-09-10 02:39:08\" data-filename=\"cvjmlaedle3-scaled-700x300.jpg\" data-slide-type=\"image\"><img loading=\"lazy\" decoding=\"async\" src=\"https:\/\/cvjm-waiblingen.de\/wp-content\/uploads\/2017\/02\/cvjmlaedle3-scaled-700x300.jpg\" height=\"300\" width=\"700\" alt=\"\" class=\"slider-2999 slide-3001 msDefaultImage\" title=\"cvjmlaedle3\" \/><\/li>\n                <li style=\"display: none; width: 100%;\" class=\"slide-3002 ms-image \" aria-roledescription=\"slide\" data-date=\"2024-09-10 02:39:13\" data-filename=\"cvjmlaedle2-scaled-700x300.jpg\" data-slide-type=\"image\"><img loading=\"lazy\" decoding=\"async\" src=\"https:\/\/cvjm-waiblingen.de\/wp-content\/uploads\/2017\/02\/cvjmlaedle2-scaled-700x300.jpg\" height=\"300\" width=\"700\" alt=\"\" class=\"slider-2999 slide-3002 msDefaultImage\" title=\"cvjmlaedle2\" \/><\/li>\n                <li style=\"display: none; width: 100%;\" class=\"slide-3003 ms-image \" aria-roledescription=\"slide\" data-date=\"2024-09-10 02:39:18\" data-filename=\"cvjmlaedle1-scaled-700x300.jpg\" data-slide-type=\"image\"><img loading=\"lazy\" decoding=\"async\" src=\"https:\/\/cvjm-waiblingen.de\/wp-content\/uploads\/2017\/02\/cvjmlaedle1-scaled-700x300.jpg\" height=\"300\" width=\"700\" alt=\"\" class=\"slider-2999 slide-3003 msDefaultImage\" title=\"cvjmlaedle1\" \/><\/li>\n                <li style=\"display: none; width: 100%;\" class=\"slide-3004 ms-image \" aria-roledescription=\"slide\" data-date=\"2024-09-10 02:39:24\" data-filename=\"cvjmlaedle-scaled-700x300.jpg\" data-slide-type=\"image\"><img loading=\"lazy\" decoding=\"async\" src=\"https:\/\/cvjm-waiblingen.de\/wp-content\/uploads\/2017\/02\/cvjmlaedle-scaled-700x300.jpg\" height=\"300\" width=\"700\" alt=\"\" class=\"slider-2999 slide-3004 msDefaultImage\" title=\"cvjmlaedle\" \/><\/li>\n            <\/ul>\n        <\/div>\n        \n    <\/div>\n<\/div><\/div>\n\n\n\n<div class=\"wp-block-columns is-style-blockbooster-boxshadow is-layout-flex wp-container-core-columns-is-layout-28f84493 wp-block-columns-is-layout-flex\">\n<div class=\"wp-block-column is-style-blockbooster-boxshadow is-layout-flow wp-block-column-is-layout-flow\">\n<p class=\"has-dark-shade-color has-text-color\">Am Freitag, den 30. November 2001, Schlag 15 Uhr \u00f6ffnete sich zum ersten Mal die Eingangst\u00fcr des CVJM L\u00e4dle in der Karlstr. 1 in Waiblingen: <\/p>\n\n\n\n<p class=\"has-dark-shade-color has-text-color\">Ein kleines Gesch\u00e4ft f\u00fcr christliche Literatur und Secondhandware.<\/p>\n\n\n\n<p class=\"has-dark-shade-color has-text-color\">Aus den anf\u00e4nglichen 32 m\u00b2 Ladenfl\u00e4che sind ca. 45 m\u00b2 geworden. Angeboten werden neben neuer christlicher Literatur gebrauchte, gut erhaltene Kinder- und Damenbekleidung sowie Kinderspielzeug, -b\u00fccher und &nbsp;-spiele.<\/p>\n<\/div>\n<\/div>\n\n\n\n<div class=\"wp-block-columns is-style-blockbooster-boxshadow is-layout-flex wp-container-core-columns-is-layout-28f84493 wp-block-columns-is-layout-flex\">\n<div class=\"wp-block-column is-style-blockbooster-boxshadow is-layout-flow wp-block-column-is-layout-flow\">\n<p class=\"has-dark-shade-color has-text-color\">Wer etwas verkaufen m\u00f6chte, erh\u00e4lt von den Mitarbeiterinnen im L\u00e4dle eine Registriernummer. Die anzubietenden Artikel m\u00fcssen mit Nummer und Preis ausgezeichnet werden und k\u00f6nnen dann im L\u00e4dle abgegeben werden. Vom Erl\u00f6s der verkauften Ware erh\u00e4lt der CVJM Waiblingen einen prozentualen Anteil. Abgerechnet wird immer am Monatsende.<\/p>\n\n\n\n<p class=\"has-dark-shade-color has-text-color\">Mit einem Teil des Erl\u00f6ses unterst\u00fctzt der CVJM die Bulgarienhilfe des Missionarischen Arbeitskreises evangelischer Christen e.V. Murrhardt. Verantwortet wird die Arbeit von Katja und Ernst Rath aus Murrhardt. Arme Menschen erhalten Hilfsg\u00fcter, f\u00fcr Hungrige ist die Essensk\u00fcche da, f\u00fcr Kinder werden Freizeiten angeboten, mehr als 50000 Losungsb\u00fccher werden j\u00e4hrlich verschenkt.<\/p>\n<\/div>\n<\/div>\n\n\n\n<div class=\"wp-block-columns is-layout-flex wp-container-core-columns-is-layout-28f84493 wp-block-columns-is-layout-flex\">\n<div class=\"wp-block-column is-style-blockbooster-boxshadow is-layout-flow wp-block-column-is-layout-flow\">\n<div class=\"wp-block-columns is-layout-flex wp-container-core-columns-is-layout-28f84493 wp-block-columns-is-layout-flex\">\n<div class=\"wp-block-column is-layout-flow wp-block-column-is-layout-flow\">\n<h5 class=\"has-dark-shade-color has-text-color wp-block-heading\"><strong>Adresse<\/strong><\/h5>\n<\/div>\n<\/div>\n\n\n\n<h6 class=\"has-dark-shade-color has-text-color wp-block-heading\">Karlstra\u00dfe 1<br>71332 Waiblingen<\/h6>\n\n\n\n<h5 class=\"has-dark-shade-color has-text-color wp-block-heading\" id=\"block-38729f76-12be-4c9e-8251-22eccb3993d7\"><strong>\u00d6ffnungzeiten<\/strong><\/h5>\n\n\n\n<h6 class=\"has-dark-shade-color has-text-color wp-block-heading\" id=\"block-7144ec7c-18cb-471a-bdce-aa59ecec78af\"><strong>Montag <\/strong>von <strong>15:00 &#8211; 17:30 Uhr<br>Dienstag <\/strong>von<strong>  10:00 &#8211; 12:00 Uhr <\/strong>und <strong>15:00 &#8211; 17:30 Uhr<br>Mittwoch <\/strong>von <strong>10:00 &#8211; 12:00 Uhr <\/strong>und <strong>15:00 &#8211; 17:30 Uhr<br>Donnerstag <\/strong>von <strong>10:00 &#8211; 12:00 Uhr <\/strong>und <strong>15:00 &#8211; 17:30 Uhr<br>Freitag <\/strong>von <strong>10:00 &#8211; 12:30 Uhr<\/strong><\/h6>\n\n\n\n<h5 class=\"has-dark-shade-color has-text-color wp-block-heading\"><strong>Kontakt<\/strong><\/h5>\n\n\n\n<h6 class=\"has-dark-shade-color has-text-color wp-block-heading\">Telefonnummer: 07151 15727<\/h6>\n<\/div>\n<\/div>\n","protected":false},"excerpt":{"rendered":"<p>Am Freitag, den 30. November 2001, Schlag 15 Uhr \u00f6ffnete sich zum ersten Mal die Eingangst\u00fcr des CVJM L\u00e4dle in der Karlstr. 1 in Waiblingen: Ein kleines Gesch\u00e4ft f\u00fcr christliche Literatur und Secondhandware. Aus den anf\u00e4nglichen 32 m\u00b2 Ladenfl\u00e4che sind ca. 45 m\u00b2 geworden. Angeboten werden neben neuer christlicher Literatur gebrauchte, gut erhaltene Kinder- und&#8230;<\/p>\n","protected":false},"author":1,"featured_media":0,"parent":0,"menu_order":0,"comment_status":"closed","ping_status":"closed","template":"","meta":{"footnotes":""},"class_list":["post-2995","page","type-page","status-publish","hentry"],"_links":{"self":[{"href":"https:\/\/cvjm-waiblingen.de\/index.php\/wp-json\/wp\/v2\/pages\/2995","targetHints":{"allow":["GET"]}}],"collection":[{"href":"https:\/\/cvjm-waiblingen.de\/index.php\/wp-json\/wp\/v2\/pages"}],"about":[{"href":"https:\/\/cvjm-waiblingen.de\/index.php\/wp-json\/wp\/v2\/types\/page"}],"author":[{"embeddable":true,"href":"https:\/\/cvjm-waiblingen.de\/index.php\/wp-json\/wp\/v2\/users\/1"}],"replies":[{"embeddable":true,"href":"https:\/\/cvjm-waiblingen.de\/index.php\/wp-json\/wp\/v2\/comments?post=2995"}],"version-history":[{"count":7,"href":"https:\/\/cvjm-waiblingen.de\/index.php\/wp-json\/wp\/v2\/pages\/2995\/revisions"}],"predecessor-version":[{"id":3452,"href":"https:\/\/cvjm-waiblingen.de\/index.php\/wp-json\/wp\/v2\/pages\/2995\/revisions\/3452"}],"wp:attachment":[{"href":"https:\/\/cvjm-waiblingen.de\/index.php\/wp-json\/wp\/v2\/media?parent=2995"}],"curies":[{"name":"wp","href":"https:\/\/api.w.org\/{rel}","templated":true}]}}