{"id":3008,"date":"2024-09-10T02:51:48","date_gmt":"2024-09-10T02:51:48","guid":{"rendered":"http:\/\/cvjm-test.local\/?page_id=3008"},"modified":"2024-09-10T02:51:48","modified_gmt":"2024-09-10T02:51:48","slug":"datenschutzerklarung","status":"publish","type":"page","link":"https:\/\/cvjm-waiblingen.de\/index.php\/datenschutzerklarung\/","title":{"rendered":"Datenschutzerkl\u00e4rung"},"content":{"rendered":"\n\n\n<div class=\"wp-block-columns is-layout-flex wp-container-core-columns-is-layout-28f84493 wp-block-columns-is-layout-flex\">\n<div class=\"wp-block-column is-layout-flow wp-block-column-is-layout-flow\">\n<h2 class=\"has-dark-shade-color has-text-color wp-block-heading\">Wer wir sind<\/h2>\n\n\n\n<p class=\"has-dark-shade-color has-text-color\">Die Adresse unserer Website ist: https:\/\/cvjm-waiblingen.de<\/p>\n\n\n\n<h5 class=\"has-dark-shade-color has-text-color wp-block-heading\">Verantwortlich f\u00fcr den Inhalt nach \u00a7 55 Abs. 2 Rundfunkstaatsvertrag (RStV):<\/h5>\n\n\n\n<p class=\"has-dark-shade-color has-text-color\">Andrea B\u00f6hringer<br>Silcherstra\u00dfe 3<br>71332 Waiblingen<\/p>\n\n\n\n<h2 class=\"has-dark-shade-color has-text-color wp-block-heading\"><strong>Datenschutzerkl\u00e4rung<\/strong><\/h2>\n\n\n\n<p class=\"has-dark-shade-color has-text-color\"><strong>Datenschutz<\/strong><\/p>\n\n\n\n<p class=\"has-dark-shade-color has-text-color\">Wir als CVJM Waiblingen und Betreiber dieser Seiten nehmen den Schutz deiner pers\u00f6nlichen Daten sehr ernst. Wir behandeln deine personenbezogenen Daten vertraulich und entsprechend der gesetzlichen Datenschutzvorschriften sowie dieser Datenschutzerkl\u00e4rung.<\/p>\n\n\n\n<p class=\"has-dark-shade-color has-text-color\">Die Nutzung unserer Website ist in der Regel ohne Angabe personenbezogener Daten m\u00f6glich. Soweit auf unseren Seiten personenbezogene Daten (beispielsweise Name, Anschrift oder E-Mail-Adressen) erhoben werden, erfolgt dies stets auf freiwilliger Basis. Diese Daten werden ohne deine ausdr\u00fcckliche Zustimmung nicht an Dritte weitergegeben. Grunds\u00e4tzlich verkaufen wir keinerlei Daten. Wenn du uns Daten mitteilst, die zum Beispiel f\u00fcr einen Versicherungsfall notwendig sind, geben wir diese Daten ausschlie\u00dflich an unsere Versicherung bei der Ecclesia weiter.<\/p>\n\n\n\n<p class=\"has-dark-shade-color has-text-color\">Wir weisen darauf hin, dass die Daten\u00fcbertragung im Internet (z.B. bei der Kommunikation per E-Mail) Sicherheitsl\u00fccken aufweisen kann. Ein l\u00fcckenloser Schutz der Daten vor dem Zugriff durch Dritte ist nicht m\u00f6glich.<\/p>\n\n\n\n<p class=\"has-dark-shade-color has-text-color\"><strong>Cookies<\/strong><\/p>\n\n\n\n<p class=\"has-dark-shade-color has-text-color\">Die Internetseiten verwenden teilweise so genannte Cookies. Das sind kleine Textdateien, die zwischen dem Server unserer Webseite und dem Browser des Besuchers ausgetauscht werden. Diese werden beim Besuch der Webseite von den jeweils verwendeten Ger\u00e4ten (PC, Notebook, Tablet, Smartphone ect.) gespeichert. Cookies richten auf deinem Rechner oder deinem verwendeten Ger\u00e4t keinen Schaden an und enthalten keine Viren oder sonstige Schadsoftware. Cookies dienen dazu, unser Angebot nutzerfreundlicher, effektiver und sicherer zu machen. Z.B. zur Verbesserung der Benutzerfreundlichkeit werden tempor\u00e4re Cookies eingesetzt. Wir k\u00f6nnen damit keinesfalls unmittelbar Kenntnis von deiner Identit\u00e4t als Besucher unserer Webseite erhalten. Cookies werden nach den Grundeinstellungen der Browser gr\u00f6\u00dftenteils akzeptiert. Du kannst deine Browsereinstellungen so einrichten, dass Cookies entweder auf deinen Ger\u00e4ten nicht akzeptiert werden oder dass jeweils ein Hinweis erfolgt, bevor ein neuer Cookie angelegt wird bei dir.<\/p>\n\n\n\n<p class=\"has-dark-shade-color has-text-color\">Wenn du dich anmeldest, werden wir einige Cookies einrichten, um deine Anmeldeinformationen und Anzeigeoptionen zu speichern. Anmelde-Cookies verfallen nach zwei Tagen und Cookies f\u00fcr die Anzeigeoptionen nach einem Jahr. Falls du bei der Anmeldung \u201eAngemeldet bleiben\u201c ausw\u00e4hlst, wird deine Anmeldung zwei Wochen lang aufrechterhalten. Mit der Abmeldung aus deinem Konto werden die Anmelde-Cookies gel\u00f6scht.<\/p>\n\n\n\n<p class=\"has-dark-shade-color has-text-color\">Falls du ein Konto hast und dich auf dieser Webseite anmeldest, werden wir ein tempor\u00e4res Cookie setzen, um festzustellen, ob dein Browser Cookies akzeptiert. Dieses Cookie enth\u00e4lt keine personenbezogenen Daten und wird verworfen, wenn du deinen Browser schlie\u00dft.<\/p>\n\n\n\n<p class=\"has-dark-shade-color has-text-color\">Wenn du einen Artikel bearbeitest oder ver\u00f6ffentlichst, wird ein zus\u00e4tzlicher Cookie in deinem Browser gespeichert. Dieser Cookie enth\u00e4lt keine personenbezogenen Daten und verweist nur auf die Beitrags-ID des Artikels, den du gerade bearbeitet hast. Der Cookie verf\u00e4llt nach einem Tag.<\/p>\n\n\n\n<p class=\"has-dark-shade-color has-text-color\"><strong>Kontakt<\/strong><\/p>\n\n\n\n<p class=\"has-dark-shade-color has-text-color\">Wenn du uns kontaktierst z.B. per Mail und uns eine Anfrage zukommen l\u00e4sst, werden deine Angaben inklusive der von dir dort angegebenen Kontaktdaten zwecks Bearbeitung der Anfrage und f\u00fcr den Fall von Anschlussfragen bei uns gespeichert. Diese Daten geben wir nicht ohne deine Einwilligung weiter. Nach sp\u00e4testens zwei Jahren werden alle Daten gel\u00f6scht.<\/p>\n\n\n\n<h2 class=\"has-dark-shade-color has-text-color wp-block-heading\">Welche personenbezogenen Daten wir sammeln und warum wir sie sammeln<\/h2>\n\n\n\n<p class=\"has-dark-shade-color has-text-color\"><strong>Kommentare<\/strong><\/p>\n\n\n\n<p class=\"has-dark-shade-color has-text-color\">Wenn du einen Kommentar auf unserer Webseite schreibst, kann das eine Einwilligung sein, deinen Namen, E-Mail-Adresse und Webseite in Cookies zu speichern. Dies ist eine Komfortfunktion, damit du nicht, wenn du einen weiteren Kommentar schreibst, all diese Daten erneut eingeben musst. Diese Cookies werden ein Jahr lang gespeichert. Au\u00dferdem speichern wir die IP-Adresse des Endger\u00e4ts des Besuchers und den User-Agent-String (damit wird der Browser identifiziert), um die Erkennung von Spam zu unterst\u00fctzen.<br>Die Verarbeitung dieser personenbezogenen Daten ist gem. Art. 6 Abs. 1 Satz 1 Buchstabe f Datenschutzgrundverordnung (DSGVO) gerechtfertigt.<\/p>\n\n\n\n<p class=\"has-dark-shade-color has-text-color\">Aus deiner E-Mail-Adresse kann eine anonymisierte Zeichenfolge erstellt (auch Hash genannt) und dem Gravatar-Dienst \u00fcbergeben werden, um zu pr\u00fcfen, ob du diesen benutzt. Die Datenschutzerkl\u00e4rung des Gravatar-Dienstes findest du hier: https:\/\/automattic.com\/privacy\/. Nachdem dein Kommentar freigegeben wurde, ist dein Profilbild \u00f6ffentlich im Kontext deines Kommentars sichtbar.<\/p>\n\n\n\n<p class=\"has-dark-shade-color has-text-color\"><strong>Medien<\/strong><\/p>\n\n\n\n<p class=\"has-dark-shade-color has-text-color\">Wenn du ein registrierter Benutzer bist und Fotos auf diese Webseite l\u00e4dst, solltest du vermeiden, Fotos mit einem EXIF-GPS-Standort hochzuladen. Besucher dieser Webseite k\u00f6nnten Fotos, die auf dieser Webseite gespeichert sind, herunterladen und deren Standort-Informationen extrahieren.<\/p>\n\n\n\n<h2 class=\"has-dark-shade-color has-text-color wp-block-heading\">Welche Rechte du an deinen Daten hast<\/h2>\n\n\n\n<p class=\"has-dark-shade-color has-text-color\">Du hast jederzeit das Recht auf unentgeltliche Auskunft \u00fcber deine gespeicherten personenbezogenen Daten, deren Herkunft und Empf\u00e4nger und den Zweck der Datenverarbeitung sowie ein Recht auf Berichtigung oder Sperrung dieser Daten.<\/p>\n\n\n\n<p class=\"has-dark-shade-color has-text-color\">Wenn du ein Konto auf dieser Website besitzt oder Kommentare geschrieben hast, kannst du einen Export deiner personenbezogenen Daten bei uns kostenlos anfordern, inklusive aller Daten, die du uns mitgeteilt hast. Dar\u00fcber hinaus kannst du die L\u00f6schung aller personenbezogenen Daten, die wir von dir gespeichert haben, anfordern. Dies umfasst nicht die Daten, die wir aufgrund administrativer, rechtlicher oder sicherheitsrelevanter Notwendigkeiten aufbewahren m\u00fcssen.<\/p>\n\n\n\n<p class=\"has-dark-shade-color has-text-color\">Hierzu sowie zu weiteren Fragen zum Thema personenbezogene Daten kannst du dich jederzeit unter der im Impressum angegebenen Adresse an uns wenden.<\/p>\n\n\n\n<h2 class=\"has-dark-shade-color has-text-color wp-block-heading\">Wohin wir deine Daten senden<\/h2>\n\n\n\n<p class=\"has-dark-shade-color has-text-color\">Besucher-Kommentare k\u00f6nnen von einem automatisierten Dienst zur Spam-Erkennung untersucht werden.<\/p>\n\n\n\n<h2 class=\"has-dark-shade-color has-text-color wp-block-heading\">Weitere Informationen<\/h2>\n\n\n\n<p class=\"has-dark-shade-color has-text-color\">Wir arbeiten am Thema Datenschutz und werden in n\u00e4chster Zeit weitere Schritte unternehmen, damit deine Daten noch besser gesch\u00fctzt sind.<\/p>\n<\/div>\n<\/div>\n","protected":false},"excerpt":{"rendered":"<p>Wer wir sind Die Adresse unserer Website ist: https:\/\/cvjm-waiblingen.de Verantwortlich f\u00fcr den Inhalt nach \u00a7 55 Abs. 2 Rundfunkstaatsvertrag (RStV): Andrea B\u00f6hringerSilcherstra\u00dfe 371332 Waiblingen Datenschutzerkl\u00e4rung Datenschutz Wir als CVJM Waiblingen und Betreiber dieser Seiten nehmen den Schutz deiner pers\u00f6nlichen Daten sehr ernst. Wir behandeln deine personenbezogenen Daten vertraulich und entsprechend der gesetzlichen Datenschutzvorschriften sowie dieser&#8230;<\/p>\n","protected":false},"author":1,"featured_media":0,"parent":0,"menu_order":0,"comment_status":"closed","ping_status":"closed","template":"","meta":{"footnotes":""},"class_list":["post-3008","page","type-page","status-publish","hentry"],"_links":{"self":[{"href":"https:\/\/cvjm-waiblingen.de\/index.php\/wp-json\/wp\/v2\/pages\/3008","targetHints":{"allow":["GET"]}}],"collection":[{"href":"https:\/\/cvjm-waiblingen.de\/index.php\/wp-json\/wp\/v2\/pages"}],"about":[{"href":"https:\/\/cvjm-waiblingen.de\/index.php\/wp-json\/wp\/v2\/types\/page"}],"author":[{"embeddable":true,"href":"https:\/\/cvjm-waiblingen.de\/index.php\/wp-json\/wp\/v2\/users\/1"}],"replies":[{"embeddable":true,"href":"https:\/\/cvjm-waiblingen.de\/index.php\/wp-json\/wp\/v2\/comments?post=3008"}],"version-history":[{"count":1,"href":"https:\/\/cvjm-waiblingen.de\/index.php\/wp-json\/wp\/v2\/pages\/3008\/revisions"}],"predecessor-version":[{"id":3009,"href":"https:\/\/cvjm-waiblingen.de\/index.php\/wp-json\/wp\/v2\/pages\/3008\/revisions\/3009"}],"wp:attachment":[{"href":"https:\/\/cvjm-waiblingen.de\/index.php\/wp-json\/wp\/v2\/media?parent=3008"}],"curies":[{"name":"wp","href":"https:\/\/api.w.org\/{rel}","templated":true}]}}