{"id":3053,"date":"2024-09-30T16:42:21","date_gmt":"2024-09-30T16:42:21","guid":{"rendered":"https:\/\/cvjm-waiblingen.de\/?page_id=3053"},"modified":"2025-11-04T06:55:00","modified_gmt":"2025-11-04T06:55:00","slug":"hauskreis","status":"publish","type":"page","link":"https:\/\/cvjm-waiblingen.de\/index.php\/hauskreis\/","title":{"rendered":"Hauskreis"},"content":{"rendered":"\n<div class=\"alignnormal\"><div id=\"metaslider-id-3711\" style=\"width: 100%;\" class=\"ml-slider-3-109-0 metaslider metaslider-flex metaslider-3711 ml-slider has-dots-nav ms-theme-default-base\" role=\"region\" aria-label=\"Hauskreis\" data-height=\"300\" data-width=\"700\">\n    <div id=\"metaslider_container_3711\">\n        <div id=\"metaslider_3711\">\n            <ul class='slides'>\n                <li style=\"display: block; width: 100%;\" class=\"slide-3713 ms-image \" aria-roledescription=\"slide\" data-date=\"2025-01-27 09:06:17\" data-filename=\"IMG_1859-scaled-700x300.jpg\" data-slide-type=\"image\"><img loading=\"lazy\" decoding=\"async\" src=\"https:\/\/cvjm-waiblingen.de\/wp-content\/uploads\/2025\/05\/IMG_1859-scaled-700x300.jpg\" height=\"300\" width=\"700\" alt=\"\" class=\"slider-3711 slide-3713 msDefaultImage\" title=\"IMG_1859\" \/><\/li>\n                <li style=\"display: none; width: 100%;\" class=\"slide-3715 ms-image \" aria-roledescription=\"slide\" data-date=\"2025-01-27 09:08:15\" data-filename=\"777921df-66e0-4d89-ba76-9ebd8054bc56-scaled-e1737968953963-700x300.jpg\" data-slide-type=\"image\"><img loading=\"lazy\" decoding=\"async\" src=\"https:\/\/cvjm-waiblingen.de\/wp-content\/uploads\/2025\/01\/777921df-66e0-4d89-ba76-9ebd8054bc56-scaled-e1737968953963-700x300.jpg\" height=\"300\" width=\"700\" alt=\"\" class=\"slider-3711 slide-3715 msDefaultImage\" title=\"777921df-66e0-4d89-ba76-9ebd8054bc56\" \/><\/li>\n            <\/ul>\n        <\/div>\n        \n    <\/div>\n<\/div><\/div>\n\n\n\n<div class=\"wp-block-columns is-style-blockbooster-boxshadow has-dark-shade-color has-text-color is-layout-flex wp-container-core-columns-is-layout-28f84493 wp-block-columns-is-layout-flex\">\n<div class=\"wp-block-column is-layout-flow wp-block-column-is-layout-flow\">\n<h4 class=\"wp-block-heading has-dark-shade-color has-text-color has-big-font-size\">Hauskreis junge Erwachsene<\/h4>\n\n\n\n<div class=\"wp-block-group is-vertical is-layout-flex wp-container-core-group-is-layout-fe9cc265 wp-block-group-is-layout-flex\">\n<p>Wir w\u00fcnschen uns echte, lebendige Gemeinschaft. <br>Wir w\u00fcnschen uns, dass wir unseren lebendigen Gott immer n\u00e4her und tiefer kennen lernen.<br>Wir w\u00fcnschen uns richtig starke Abende voller Freude, Lachen und Tiefe.<br>Wir w\u00fcnschen uns gemeinsam mit und f\u00fcreinander zu beten, die Bibel zu verstehen und in eine tiefere Gottesbeziehung zu kommen.<br>Wir w\u00fcnschen uns, seinen Willen und seine W\u00fcnsche f\u00fcr unser Leben zu empfangen.<\/p>\n\n\n\n<p>\u2026 Und wir w\u00fcnschen uns Kartoffelsalat ????, denn Snacks und Getr\u00e4nke gibts jeden Dienstag.<\/p>\n\n\n\n<p>Wir w\u00fcnschen uns das du vorbeischaust.<br><br><strong>Jeden Dienstag<\/strong> um <strong>20:00 Uhr<\/strong><br>im <strong>privaten Wohnzimmer<\/strong><br><br>Kontakt: Hauskreis@cvjm-waiblingen.de<\/p>\n<\/div>\n<\/div>\n<\/div>\n\n\n\n<div class=\"wp-block-columns is-style-blockbooster-boxshadow is-layout-flex wp-container-core-columns-is-layout-28f84493 wp-block-columns-is-layout-flex\">\n<div class=\"wp-block-column is-layout-flow wp-block-column-is-layout-flow\">\n<h4 class=\"wp-block-heading has-dark-shade-color has-text-color has-big-font-size\">Hauskreis zwischen 30 und 60<\/h4>\n\n\n\n<p>Sch\u00f6n, dass du dich zu uns reingeklickt hast&#8230;<\/p>\n\n\n\n<p>wir sind 6 Personen vom Alter gemischt: 1x Mitte 30, 2x ca. 40, 2x 55 und 1x 60 Jahre und treffen uns ca. alle 2 Wochen dienstagabends ab 19.30 Uhr so bis 21.15 Uhr. Gemeinsam sind wir unterwegs Gott n\u00e4her kennenzulernen. Wir singen zusammen und tauschen uns aus \u00fcber eine Bibelstelle. Beleuchten den Text von verschiedenen Seiten mit kreativen Mitteln. Wir beten miteinander und f\u00fcreinander. Das alles im privaten, gem\u00fctlichen Wohnzimmer. Bei uns wird auch gelacht, Naschwerk und Knabbereien gegessen. Mal zusammen lecker essen oder was unternehmen, was uns Freude macht, das machen wir&#8230;<\/p>\n\n\n\n<p>Wir sind offen f\u00fcr Neue Leute, ob als Paar oder Single, ganz egal, wir freuen uns, wenn du oder ihr rein schnuppern wollt. <br><br><strong>Jeden 2. Dienstag<\/strong> um <strong>19:30 Uhr.<\/strong> (11.11., 25.11., 9.12.2025)<br>im <strong>privaten Wohnzimmer<\/strong><br><br>Kontakt: Hauskreis@cvjm-waiblingen.de<\/p>\n<\/div>\n<\/div>\n\n\n\n<div class=\"wp-block-columns is-layout-flex wp-container-core-columns-is-layout-28f84493 wp-block-columns-is-layout-flex\">\n<div class=\"wp-block-column is-style-blockbooster-boxshadow is-layout-flow wp-block-column-is-layout-flow\">\n<h4 class=\"wp-block-heading has-dark-shade-color has-text-color has-big-font-size\">Hauskreis ab 60<\/h4>\n\n\n\n<p class=\"has-dark-shade-color has-text-color\">Alle 2 Wochen dienstags trifft sich eine kleine Gruppe ab 50 Jahren und&nbsp; liest zusammen in der Bibel. Zudem besuchen wir gemeinsam Gottesdienste oder ausw\u00e4rtige Bibelvortr\u00e4ge.<br><br><strong>Jeden 2. Dienstag<\/strong><br><br>Kontakt: Hauskreis@cvjm-waiblingen.de<\/p>\n<\/div>\n<\/div>\n","protected":false},"excerpt":{"rendered":"<p>Hauskreis junge Erwachsene Wir w\u00fcnschen uns echte, lebendige Gemeinschaft. Wir w\u00fcnschen uns, dass wir unseren lebendigen Gott immer n\u00e4her und tiefer kennen lernen.Wir w\u00fcnschen uns richtig starke Abende voller Freude, Lachen und Tiefe.Wir w\u00fcnschen uns gemeinsam mit und f\u00fcreinander zu beten, die Bibel zu verstehen und in eine tiefere Gottesbeziehung zu kommen.Wir w\u00fcnschen uns, seinen&#8230;<\/p>\n","protected":false},"author":1,"featured_media":0,"parent":0,"menu_order":0,"comment_status":"closed","ping_status":"closed","template":"","meta":{"footnotes":""},"class_list":["post-3053","page","type-page","status-publish","hentry"],"_links":{"self":[{"href":"https:\/\/cvjm-waiblingen.de\/index.php\/wp-json\/wp\/v2\/pages\/3053","targetHints":{"allow":["GET"]}}],"collection":[{"href":"https:\/\/cvjm-waiblingen.de\/index.php\/wp-json\/wp\/v2\/pages"}],"about":[{"href":"https:\/\/cvjm-waiblingen.de\/index.php\/wp-json\/wp\/v2\/types\/page"}],"author":[{"embeddable":true,"href":"https:\/\/cvjm-waiblingen.de\/index.php\/wp-json\/wp\/v2\/users\/1"}],"replies":[{"embeddable":true,"href":"https:\/\/cvjm-waiblingen.de\/index.php\/wp-json\/wp\/v2\/comments?post=3053"}],"version-history":[{"count":18,"href":"https:\/\/cvjm-waiblingen.de\/index.php\/wp-json\/wp\/v2\/pages\/3053\/revisions"}],"predecessor-version":[{"id":3844,"href":"https:\/\/cvjm-waiblingen.de\/index.php\/wp-json\/wp\/v2\/pages\/3053\/revisions\/3844"}],"wp:attachment":[{"href":"https:\/\/cvjm-waiblingen.de\/index.php\/wp-json\/wp\/v2\/media?parent=3053"}],"curies":[{"name":"wp","href":"https:\/\/api.w.org\/{rel}","templated":true}]}}