{"id":3056,"date":"2024-09-30T16:45:42","date_gmt":"2024-09-30T16:45:42","guid":{"rendered":"https:\/\/cvjm-waiblingen.de\/?page_id=3056"},"modified":"2025-07-22T09:16:23","modified_gmt":"2025-07-22T09:16:23","slug":"posaunenchor-und-jungblaser","status":"publish","type":"page","link":"https:\/\/cvjm-waiblingen.de\/index.php\/posaunenchor-und-jungblaser\/","title":{"rendered":"Posaunenchor und Jungbl\u00e4ser"},"content":{"rendered":"\n<div class=\"alignnormal\"><div id=\"metaslider-id-3573\" style=\"width: 100%;\" class=\"ml-slider-3-109-0 metaslider metaslider-flex metaslider-3573 ml-slider has-dots-nav ms-theme-default\" role=\"region\" aria-label=\"Posaunenchor\" data-height=\"400\" data-width=\"700\">\n    <div id=\"metaslider_container_3573\">\n        <div id=\"metaslider_3573\">\n            <ul class='slides'>\n                <li style=\"display: block; width: 100%;\" class=\"slide-3574 ms-image \" aria-roledescription=\"slide\" data-date=\"2024-11-03 16:26:15\" data-filename=\"P1160158-700x400.jpg\" data-slide-type=\"image\"><img loading=\"lazy\" decoding=\"async\" src=\"https:\/\/cvjm-waiblingen.de\/wp-content\/uploads\/2017\/03\/P1160158-700x400.jpg\" height=\"400\" width=\"700\" alt=\"\" class=\"slider-3573 slide-3574 msDefaultImage\" title=\"P1160158\" \/><\/li>\n                <li style=\"display: none; width: 100%;\" class=\"slide-3575 ms-image \" aria-roledescription=\"slide\" data-date=\"2024-11-03 16:26:40\" data-filename=\"P1150777-scaled-700x400.jpg\" data-slide-type=\"image\"><img loading=\"lazy\" decoding=\"async\" src=\"https:\/\/cvjm-waiblingen.de\/wp-content\/uploads\/2017\/03\/P1150777-scaled-700x400.jpg\" height=\"400\" width=\"700\" alt=\"\" class=\"slider-3573 slide-3575 msDefaultImage\" title=\"P1150777\" \/><\/li>\n                <li style=\"display: none; width: 100%;\" class=\"slide-3576 ms-image \" aria-roledescription=\"slide\" data-date=\"2024-11-03 16:26:46\" data-filename=\"IMG_20140731_194007-700x400.jpg\" data-slide-type=\"image\"><img loading=\"lazy\" decoding=\"async\" src=\"https:\/\/cvjm-waiblingen.de\/wp-content\/uploads\/2017\/03\/IMG_20140731_194007-700x400.jpg\" height=\"400\" width=\"700\" alt=\"\" class=\"slider-3573 slide-3576 msDefaultImage\" title=\"IMG_20140731_194007\" \/><\/li>\n            <\/ul>\n        <\/div>\n        \n    <\/div>\n<\/div><\/div>\n\n\n\n<div class=\"wp-block-columns is-style-blockbooster-boxshadow is-layout-flex wp-container-core-columns-is-layout-28f84493 wp-block-columns-is-layout-flex\">\n<div class=\"wp-block-column is-layout-flow wp-block-column-is-layout-flow\">\n<p class=\"has-dark-shade-color has-text-color\">Der Posaunenchor \u00fcbt jeden Mittwoch bei Andreas Richter, unserem Profimusiker.  Dort spielen fortgeschrittene Teenies und Erwachsene, M\u00e4nner und Frauen zusammen. Sie gestalten Gottesdienste mit, spielen auf dem Friedhof, bei Festen oder auf dem Weihnachtsmarkt. Der Posaunenchor war auch schon in Indien, in Tirunelvelli, beim Indienaustausch und haben dort musiziert. Bei diversen Bl\u00e4serserenaden kann man das K\u00f6nnen des Posaunenchors bestaunen.\u00a0Ein gemeinsamer Ausflug des Posaunenchors und der Jungbl\u00e4ser zum Landesposaunentag nach Ulm ist immer wieder ein H\u00f6hepunkt. J\u00e4hrliche Probenwochenenden zum \u00dcben und Gemeinschaft leben finden einmal im Jahr statt. <br>Vom CVJM gibt es auch Leihinstrumente gegen eine kleine Leihgeb\u00fchr. <\/p>\n\n\n\n<p class=\"has-dark-shade-color has-text-color\"><strong><em>\u201eKein Blech reden \u2013 lieber Blech blasen\u2026\u201c<\/em><\/strong><\/p>\n<\/div>\n<\/div>\n\n\n\n<div class=\"wp-block-columns is-layout-flex wp-container-core-columns-is-layout-28f84493 wp-block-columns-is-layout-flex\">\n<div class=\"wp-block-column is-style-blockbooster-boxshadow is-layout-flow wp-block-column-is-layout-flow\">\n<p class=\"has-dark-shade-color has-text-color\">Jeden <strong>Mittwoch <\/strong>um <strong>19:00 Uhr<\/strong><br><br>im <strong>Dietrich Bonhoeffer-Haus<\/strong> \/ LIGHTHOUSE Talstra\u00dfe 11, 71332 Waiblingen<br><br>Kontakt: Posaunenchor@cvjm-waiblingen.de<\/p>\n<\/div>\n<\/div>\n","protected":false},"excerpt":{"rendered":"<p>Der Posaunenchor \u00fcbt jeden Mittwoch bei Andreas Richter, unserem Profimusiker. Dort spielen fortgeschrittene Teenies und Erwachsene, M\u00e4nner und Frauen zusammen. Sie gestalten Gottesdienste mit, spielen auf dem Friedhof, bei Festen oder auf dem Weihnachtsmarkt. Der Posaunenchor war auch schon in Indien, in Tirunelvelli, beim Indienaustausch und haben dort musiziert. Bei diversen Bl\u00e4serserenaden kann man das&#8230;<\/p>\n","protected":false},"author":1,"featured_media":0,"parent":0,"menu_order":0,"comment_status":"closed","ping_status":"closed","template":"","meta":{"footnotes":""},"class_list":["post-3056","page","type-page","status-publish","hentry"],"_links":{"self":[{"href":"https:\/\/cvjm-waiblingen.de\/index.php\/wp-json\/wp\/v2\/pages\/3056","targetHints":{"allow":["GET"]}}],"collection":[{"href":"https:\/\/cvjm-waiblingen.de\/index.php\/wp-json\/wp\/v2\/pages"}],"about":[{"href":"https:\/\/cvjm-waiblingen.de\/index.php\/wp-json\/wp\/v2\/types\/page"}],"author":[{"embeddable":true,"href":"https:\/\/cvjm-waiblingen.de\/index.php\/wp-json\/wp\/v2\/users\/1"}],"replies":[{"embeddable":true,"href":"https:\/\/cvjm-waiblingen.de\/index.php\/wp-json\/wp\/v2\/comments?post=3056"}],"version-history":[{"count":6,"href":"https:\/\/cvjm-waiblingen.de\/index.php\/wp-json\/wp\/v2\/pages\/3056\/revisions"}],"predecessor-version":[{"id":3797,"href":"https:\/\/cvjm-waiblingen.de\/index.php\/wp-json\/wp\/v2\/pages\/3056\/revisions\/3797"}],"wp:attachment":[{"href":"https:\/\/cvjm-waiblingen.de\/index.php\/wp-json\/wp\/v2\/media?parent=3056"}],"curies":[{"name":"wp","href":"https:\/\/api.w.org\/{rel}","templated":true}]}}