{"id":3065,"date":"2024-09-30T16:51:00","date_gmt":"2024-09-30T16:51:00","guid":{"rendered":"https:\/\/cvjm-waiblingen.de\/?page_id=3065"},"modified":"2024-10-10T19:59:00","modified_gmt":"2024-10-10T19:59:00","slug":"volleyballgruppe","status":"publish","type":"page","link":"https:\/\/cvjm-waiblingen.de\/index.php\/volleyballgruppe\/","title":{"rendered":"Volleyballgruppe"},"content":{"rendered":"\n\n\n<div class=\"wp-block-columns is-style-blockbooster-boxshadow is-layout-flex wp-container-core-columns-is-layout-28f84493 wp-block-columns-is-layout-flex\">\n<div class=\"wp-block-column is-layout-flow wp-block-column-is-layout-flow\">\n<p class=\"has-dark-shade-color has-text-color\">Hau drauf und \u2026<\/p>\n\n\n\n<p class=\"has-dark-shade-color has-text-color\">Jeden Sonntagabend treffen sich M\u00e4nner und Frauen in der Beinsteiner Turnhalle zum Freizeitvolleyball. Fast jedes Alter ist vertreten von 17 bis ca. 60 Jahren. Zuerst wird gut aufgew\u00e4rmt und dann werden die B\u00e4lle \u00fcber\u2019s Netz geschlagen. Wer sich danach noch st\u00e4rken will, der geht mit zum was gemeinsam Trinken oder Essen. Lust mitzumachen? Mitzubringen sind Turnschuhe, T-Shirt, Sporthose und Duschsachen.<\/p>\n\n\n\n<p class=\"has-dark-shade-color has-text-color\">Wusstest du schon, dass Volleyball und auch Basketball eine Erfindung vom CVJM\/YMCA sind? Diese beiden Sportarten wurden von CVJM\u2019ern in Amerika erfunden und entwickelt.<\/p>\n\n\n\n<p class=\"has-dark-shade-color has-text-color\">Schon immer geh\u00f6rt zum CVJM auch ein gro\u00dfes sportliches Angebot. Kinder, Jugendliche und Erwachsene sollen in Bewegung bleiben. Aber auch die Gemeinschaft kommt nicht zu kurz. Im Vordergrund steht immer das Miteinander, der Respekt voreinander und das anerkennen der individuellen Leistung. Bei uns darf jeder seine M\u00f6glichkeiten und F\u00e4higkeiten ausprobieren und einsetzen.<\/p>\n\n\n\n<p class=\"has-dark-shade-color has-text-color\">Herzliche Einladung zum Mitmachen! Am Besten vorher melden per Telefon beim Gruppenleiter: Klaus B\u00f6hringer, siehe Kontaktdaten.<\/p>\n<\/div>\n<\/div>\n\n\n\n<div class=\"wp-block-columns is-style-blockbooster-boxshadow is-layout-flex wp-container-core-columns-is-layout-28f84493 wp-block-columns-is-layout-flex\">\n<div class=\"wp-block-column is-layout-flow wp-block-column-is-layout-flow\">\n<p class=\"has-dark-shade-color has-text-color\">Jeden <strong>Sonntag <\/strong>um <strong>18:00 Uhr<\/strong><br><br><strong>Turnhalle Beinstein<\/strong><br><br>Kontakt: Volleyball@cvjm-waiblingen.de<\/p>\n<\/div>\n<\/div>\n","protected":false},"excerpt":{"rendered":"<p>Hau drauf und \u2026 Jeden Sonntagabend treffen sich M\u00e4nner und Frauen in der Beinsteiner Turnhalle zum Freizeitvolleyball. Fast jedes Alter ist vertreten von 17 bis ca. 60 Jahren. Zuerst wird gut aufgew\u00e4rmt und dann werden die B\u00e4lle \u00fcber\u2019s Netz geschlagen. Wer sich danach noch st\u00e4rken will, der geht mit zum was gemeinsam Trinken oder Essen&#8230;.<\/p>\n","protected":false},"author":1,"featured_media":0,"parent":0,"menu_order":0,"comment_status":"closed","ping_status":"closed","template":"","meta":{"footnotes":""},"class_list":["post-3065","page","type-page","status-publish","hentry"],"_links":{"self":[{"href":"https:\/\/cvjm-waiblingen.de\/index.php\/wp-json\/wp\/v2\/pages\/3065","targetHints":{"allow":["GET"]}}],"collection":[{"href":"https:\/\/cvjm-waiblingen.de\/index.php\/wp-json\/wp\/v2\/pages"}],"about":[{"href":"https:\/\/cvjm-waiblingen.de\/index.php\/wp-json\/wp\/v2\/types\/page"}],"author":[{"embeddable":true,"href":"https:\/\/cvjm-waiblingen.de\/index.php\/wp-json\/wp\/v2\/users\/1"}],"replies":[{"embeddable":true,"href":"https:\/\/cvjm-waiblingen.de\/index.php\/wp-json\/wp\/v2\/comments?post=3065"}],"version-history":[{"count":3,"href":"https:\/\/cvjm-waiblingen.de\/index.php\/wp-json\/wp\/v2\/pages\/3065\/revisions"}],"predecessor-version":[{"id":3150,"href":"https:\/\/cvjm-waiblingen.de\/index.php\/wp-json\/wp\/v2\/pages\/3065\/revisions\/3150"}],"wp:attachment":[{"href":"https:\/\/cvjm-waiblingen.de\/index.php\/wp-json\/wp\/v2\/media?parent=3065"}],"curies":[{"name":"wp","href":"https:\/\/api.w.org\/{rel}","templated":true}]}}