{"id":3076,"date":"2024-09-30T17:02:46","date_gmt":"2024-09-30T17:02:46","guid":{"rendered":"https:\/\/cvjm-waiblingen.de\/?page_id=3076"},"modified":"2024-11-03T16:38:11","modified_gmt":"2024-11-03T16:38:11","slug":"uber-uns","status":"publish","type":"page","link":"https:\/\/cvjm-waiblingen.de\/index.php\/uber-uns\/","title":{"rendered":"Das sind Wir"},"content":{"rendered":"\n\n\n<div class=\"wp-block-columns is-layout-flex wp-container-core-columns-is-layout-28f84493 wp-block-columns-is-layout-flex\">\n<div class=\"wp-block-column is-style-blockbooster-boxshadow is-layout-flow wp-block-column-is-layout-flow\">\n<h4 class=\"has-dark-shade-color has-text-color wp-block-heading\">Wir sind <\/h4>\n\n\n\n<ul class=\"has-dark-shade-color has-text-color wp-block-list\">\n<li>ein \u201eChristlicher Verein Junger Menschen\u201c<\/li>\n\n\n\n<li>und geh\u00f6ren dem gr\u00f6\u00dften christlich-\u00f6kumenischen Jugendverband in Deutschland an \u2013 \u00fcberparteilich, konfessionsunabh\u00e4ngig<\/li>\n\n\n\n<li>ein Treffpunkt f\u00fcr viele junge Menschen mit Programmen, Aktionen und Freizeiten<\/li>\n\n\n\n<li>eine weltweite Gemeinschaft, zu der 130 L\u00e4nder mit ca.&nbsp;45 Mio. Mitglieder geh\u00f6ren<\/li>\n\n\n\n<li>99 Prozent der Arbeit wird von ehrenamtlichen Mitarbeiterinnen und Mitarbeitern gestaltet.<\/li>\n<\/ul>\n<\/div>\n<\/div>\n\n\n\n<div class=\"wp-block-columns is-style-blockbooster-boxshadow-hover is-layout-flex wp-container-core-columns-is-layout-28f84493 wp-block-columns-is-layout-flex\">\n<div class=\"wp-block-column is-style-blockbooster-boxshadow is-layout-flow wp-block-column-is-layout-flow\">\n<h4 class=\"has-dark-shade-color has-text-color wp-block-heading\">Wir wollen <\/h4>\n\n\n\n<p class=\"has-dark-shade-color has-text-color\">Wir haben das Ziel junge Menschen f\u00fcr ein ganzheitliches und authentisches Leben mit Gott zu bef\u00e4higen. <\/p>\n\n\n\n<p class=\"has-dark-shade-color has-text-color\">Wir wollen zur Gemeinschaft einladen und sie in ihren Glaubens- und Lebensfragen unterst\u00fctzen.<\/p>\n<\/div>\n<\/div>\n\n\n\n<div class=\"wp-block-columns is-style-blockbooster-boxshadow-hover is-layout-flex wp-container-core-columns-is-layout-28f84493 wp-block-columns-is-layout-flex\">\n<div class=\"wp-block-column is-style-blockbooster-boxshadow is-layout-flow wp-block-column-is-layout-flow\">\n<h4 class=\"has-dark-shade-color has-text-color wp-block-heading\">Vorstand und Ausschuss<\/h4>\n\n\n\n<figure class=\"wp-block-image aligncenter size-large\"><img loading=\"lazy\" decoding=\"async\" width=\"768\" height=\"1024\" src=\"https:\/\/cvjm-waiblingen.de\/wp-content\/uploads\/2024\/10\/IMG_0127-768x1024.jpeg\" alt=\"\" class=\"wp-image-3445\" srcset=\"https:\/\/cvjm-waiblingen.de\/wp-content\/uploads\/2024\/10\/IMG_0127-768x1024.jpeg 768w, https:\/\/cvjm-waiblingen.de\/wp-content\/uploads\/2024\/10\/IMG_0127-225x300.jpeg 225w, https:\/\/cvjm-waiblingen.de\/wp-content\/uploads\/2024\/10\/IMG_0127-1152x1536.jpeg 1152w, https:\/\/cvjm-waiblingen.de\/wp-content\/uploads\/2024\/10\/IMG_0127-1536x2048.jpeg 1536w, https:\/\/cvjm-waiblingen.de\/wp-content\/uploads\/2024\/10\/IMG_0127-scaled.jpeg 1920w\" sizes=\"auto, (max-width: 768px) 100vw, 768px\" \/><figcaption class=\"wp-element-caption\">Der Vorstand von 2024 bis 2026<\/figcaption><\/figure>\n\n\n\n<figure class=\"wp-block-image aligncenter size-large is-resized\"><img loading=\"lazy\" decoding=\"async\" src=\"https:\/\/cvjm-waiblingen.de\/wp-content\/uploads\/2024\/10\/IMG_0117-2-1024x932.jpeg\" alt=\"\" class=\"wp-image-3444\" width=\"770\" height=\"700\" srcset=\"https:\/\/cvjm-waiblingen.de\/wp-content\/uploads\/2024\/10\/IMG_0117-2-1024x932.jpeg 1024w, https:\/\/cvjm-waiblingen.de\/wp-content\/uploads\/2024\/10\/IMG_0117-2-300x273.jpeg 300w, https:\/\/cvjm-waiblingen.de\/wp-content\/uploads\/2024\/10\/IMG_0117-2-768x699.jpeg 768w, https:\/\/cvjm-waiblingen.de\/wp-content\/uploads\/2024\/10\/IMG_0117-2-1536x1398.jpeg 1536w, https:\/\/cvjm-waiblingen.de\/wp-content\/uploads\/2024\/10\/IMG_0117-2-2048x1865.jpeg 2048w\" sizes=\"auto, (max-width: 770px) 100vw, 770px\" \/><figcaption class=\"wp-element-caption\">Die Ausschussmitglieder von 2024 bis 2026<\/figcaption><\/figure>\n\n\n\n<p><\/p>\n\n\n\n<p><\/p>\n\n\n\n<p><\/p>\n<\/div>\n<\/div>\n\n\n\n<div class=\"wp-block-columns is-style-default is-layout-flex wp-container-core-columns-is-layout-28f84493 wp-block-columns-is-layout-flex\">\n<div class=\"wp-block-column is-layout-flow wp-block-column-is-layout-flow\"><\/div>\n<\/div>\n\n\n\n<p><\/p>\n","protected":false},"excerpt":{"rendered":"<p>Wir sind Wir wollen Wir haben das Ziel junge Menschen f\u00fcr ein ganzheitliches und authentisches Leben mit Gott zu bef\u00e4higen. Wir wollen zur Gemeinschaft einladen und sie in ihren Glaubens- und Lebensfragen unterst\u00fctzen. Vorstand und Ausschuss<\/p>\n","protected":false},"author":1,"featured_media":0,"parent":0,"menu_order":0,"comment_status":"closed","ping_status":"closed","template":"","meta":{"footnotes":""},"class_list":["post-3076","page","type-page","status-publish","hentry"],"_links":{"self":[{"href":"https:\/\/cvjm-waiblingen.de\/index.php\/wp-json\/wp\/v2\/pages\/3076","targetHints":{"allow":["GET"]}}],"collection":[{"href":"https:\/\/cvjm-waiblingen.de\/index.php\/wp-json\/wp\/v2\/pages"}],"about":[{"href":"https:\/\/cvjm-waiblingen.de\/index.php\/wp-json\/wp\/v2\/types\/page"}],"author":[{"embeddable":true,"href":"https:\/\/cvjm-waiblingen.de\/index.php\/wp-json\/wp\/v2\/users\/1"}],"replies":[{"embeddable":true,"href":"https:\/\/cvjm-waiblingen.de\/index.php\/wp-json\/wp\/v2\/comments?post=3076"}],"version-history":[{"count":9,"href":"https:\/\/cvjm-waiblingen.de\/index.php\/wp-json\/wp\/v2\/pages\/3076\/revisions"}],"predecessor-version":[{"id":3580,"href":"https:\/\/cvjm-waiblingen.de\/index.php\/wp-json\/wp\/v2\/pages\/3076\/revisions\/3580"}],"wp:attachment":[{"href":"https:\/\/cvjm-waiblingen.de\/index.php\/wp-json\/wp\/v2\/media?parent=3076"}],"curies":[{"name":"wp","href":"https:\/\/api.w.org\/{rel}","templated":true}]}}