{"id":3079,"date":"2024-09-30T17:04:59","date_gmt":"2024-09-30T17:04:59","guid":{"rendered":"https:\/\/cvjm-waiblingen.de\/?page_id=3079"},"modified":"2024-10-29T08:13:25","modified_gmt":"2024-10-29T08:13:25","slug":"cvjm-basics","status":"publish","type":"page","link":"https:\/\/cvjm-waiblingen.de\/index.php\/cvjm-basics\/","title":{"rendered":"CVJM Grundlagen"},"content":{"rendered":"\n\n\n<div class=\"wp-block-columns is-layout-flex wp-container-core-columns-is-layout-28f84493 wp-block-columns-is-layout-flex\">\n<div class=\"wp-block-column is-style-blockbooster-boxshadow is-layout-flow wp-block-column-is-layout-flow\">\n<h4 class=\"has-dark-shade-color has-text-color wp-block-heading\">Unser Auftrag unsere Basis<\/h4>\n\n\n\n<p class=\"has-dark-shade-color has-text-color\">Jesus Christus ist die Nummer eins in unserem Leben und wir wollen, dass junge Menschen ihn kennen lernen und ihr Leben unter seinen Einfluss stellen. Wir bringen das als CVJM auf einen Satz, er ist die Grundlage, das \u201eMission Statement\u201c in aller Welt, diesen Satz nennen wir Pariser Basis.<\/p>\n\n\n\n<p class=\"has-dark-shade-color has-text-color\"><strong>Pariser Basis (Paris, 1855)<\/strong><br><em>\u201eDie Christlichen Vereine Junger M\u00e4nner haben den Zweck, solche jungen M\u00e4nner miteinander zu verbinden, welche Jesus Christus nach der Heiligen Schrift als ihren Gott und Heiland anerkennen, in ihrem Glauben und Leben seine J\u00fcnger sein und gemeinsam danach trachten wollen, das Reich ihres Meisters unter jungen M\u00e4nnern auszubreiten.\u201c<\/em><\/p>\n\n\n\n<p class=\"has-dark-shade-color has-text-color\">Die CVJMs sind als eine Vereinigung junger M\u00e4nner entstanden. Heute steht die Mitgliedschaft allen offen. M\u00e4nner und Frauen, Jungen und M\u00e4dchen aus allen V\u00f6lkern, Konfessionen und sozialen Schichten bilden die weltweite Gemeinschaft im CVJM. <\/p>\n\n\n\n<p class=\"has-dark-shade-color has-text-color\">Die \u201ePariser Basis\u201c gilt heute im CVJM-Gesamtverband in Deutschland e.V. f\u00fcr die Arbeit mit allen jungen Menschen.<\/p>\n<\/div>\n<\/div>\n\n\n\n<div class=\"wp-block-columns is-layout-flex wp-container-core-columns-is-layout-28f84493 wp-block-columns-is-layout-flex\">\n<div class=\"wp-block-column is-style-blockbooster-boxshadow is-layout-flow wp-block-column-is-layout-flow\">\n<h4 class=\"has-dark-shade-color has-text-color wp-block-heading\">Pr\u00e4ambel<\/h4>\n\n\n\n<p class=\"has-dark-shade-color has-text-color\">Um ihrem Auftrag gerecht zu werden, sind die CVJM aufgerufen, mit Menschen aller Gesellschaftsschichten zu arbeiten, ohne R\u00fccksicht auf ihren Glauben, ihr Geschlecht oder ihre kulturelle Herkunft.<\/p>\n\n\n\n<p class=\"has-dark-shade-color has-text-color\">Diese Verpflichtung hat den CVJM auch bewegt, auf soziale Ver\u00e4nderungen hinzuarbeiten, indem er die Ursachen der Fragen und Probleme, denen die Menschen gegen\u00fcberstehen, aufgreift.<\/p>\n<\/div>\n<\/div>\n\n\n\n<div class=\"wp-block-columns is-layout-flex wp-container-core-columns-is-layout-28f84493 wp-block-columns-is-layout-flex\">\n<div class=\"wp-block-column is-style-blockbooster-boxshadow is-layout-flow wp-block-column-is-layout-flow\">\n<h4 class=\"has-dark-shade-color has-text-color wp-block-heading\">Leitlinien der CVJM Arbeit<\/h4>\n\n\n\n<ol class=\"has-dark-shade-color has-text-color wp-block-list\">\n<li>Die Arbeit des CVJM geschieht auf der Grundlage der Pariser Basis des Weltbundes der CVJM und der Zusatzerkl\u00e4rung des CVJM-Gesamtverbandes in Deutschland.<\/li>\n\n\n\n<li>Die Mitarbeitenden des CVJM sind im Glauben an Jesus Christus miteinander verbunden. Sie geh\u00f6ren verschiedenen christlichen Kirchen an. Der CVJM ist Teil der weltweiten Gemeinde Jesu Christi. Seine missionarische Arbeit tr\u00e4gt zum Aufbau der Gemeinde bei. Der CVJM sucht die Zusammenarbeit mit den christlichen Kirchen.<\/li>\n\n\n\n<li>Die ehrenamtliche Mitarbeit ist im CVJM von wesentlicher Bedeutung. Ehrenamtliche und Hauptamtliche arbeiten partnerschaftlich zusammen.<\/li>\n\n\n\n<li>Die Teilnahme an den Programmen des CVJM steht Jungen und M\u00e4dchen, Frauen und M\u00e4nnern aus allen sozialen, ethnischen, kulturellen und religi\u00f6sen Gruppen offen. Die Angebote tragen zu gegenseitigem Verst\u00e4ndnis und Respekt bei.<\/li>\n\n\n\n<li>Im CVJM erleben vor allem junge Erwachsene, Jugendliche und Kinder die Liebe Gottes durch pers\u00f6nliche Zuwendung und Begleitung und werden zum Glauben an Jesus Christus eingeladen.<\/li>\n\n\n\n<li>In der Gemeinschaft des CVJM sollen alle Wertsch\u00e4tzung erfahren, ihre Begabungen entdecken und entfalten und ihren F\u00e4higkeiten entsprechend Verantwortung \u00fcbernehmen.<\/li>\n\n\n\n<li>Die Arbeit des CVJM geschieht ganzheitlich. Sie sieht den Menschen als Einheit von Geist, Seele und Leib, in seiner Beziehung zu sich selbst, zu anderen Menschen, zur Sch\u00f6pfung und zu Gott. Sie geschieht in vielf\u00e4ltigen Formen der Jugendarbeit, der Jugendbildungs- und Jugendsozialarbeit.<\/li>\n\n\n\n<li>Der CVJM ist ein demokratisch verfasster Jugendverband. Er vertritt jugendpolitisch die Interessen junger Menschen und unterst\u00fctzt sie in der \u00dcbernahme gesellschaftlicher Verantwortung.<\/li>\n\n\n\n<li>Die CVJM sind regional, national und international vernetzt und bieten dadurch jungen Menschen die Chance, durch Begegnung und Austausch voneinander zu lernen und sich f\u00fcr ein gerechteres Zusammenleben in der Welt einzusetzen.<\/li>\n<\/ol>\n\n\n\n<p class=\"has-dark-shade-color has-text-color\"><em>Diese gemeinsamen Leitlinien des CVJM wurden beim Hauptausschuss des CVJM-Gesamtverbandes am 12. und 13. April 2002 erarbeitet.<\/em><\/p>\n<\/div>\n<\/div>\n\n\n\n<div class=\"wp-block-columns is-style-blockbooster-boxshadow is-layout-flex wp-container-core-columns-is-layout-28f84493 wp-block-columns-is-layout-flex\">\n<div class=\"wp-block-column is-style-blockbooster-boxshadow-medium is-layout-flow wp-block-column-is-layout-flow\">\n<h4 class=\"has-dark-shade-color has-text-color wp-block-heading\">Das CVJM Dreieck &#8211; Die Bedeutung<\/h4>\n\n\n\n<figure class=\"wp-block-image aligncenter is-resized is-style-default\"><img loading=\"lazy\" decoding=\"async\" src=\"https:\/\/cvjm-waiblingen.de\/wp-content\/uploads\/2023\/05\/0-CVJM_LOGO_Dreieck_transparent-1024x887.png\" alt=\"\" class=\"wp-image-2717\" width=\"329\" height=\"285\" srcset=\"https:\/\/cvjm-waiblingen.de\/wp-content\/uploads\/2023\/05\/0-CVJM_LOGO_Dreieck_transparent-1024x887.png 1024w, https:\/\/cvjm-waiblingen.de\/wp-content\/uploads\/2023\/05\/0-CVJM_LOGO_Dreieck_transparent-300x260.png 300w, https:\/\/cvjm-waiblingen.de\/wp-content\/uploads\/2023\/05\/0-CVJM_LOGO_Dreieck_transparent-768x665.png 768w, https:\/\/cvjm-waiblingen.de\/wp-content\/uploads\/2023\/05\/0-CVJM_LOGO_Dreieck_transparent.png 1200w\" sizes=\"auto, (max-width: 329px) 100vw, 329px\" \/><figcaption class=\"wp-element-caption\">Seit \u00fcber 120 Jahren gibt es das Dreieck im CVJM   <\/figcaption><\/figure>\n\n\n\n<p class=\"has-dark-shade-color has-text-color\">Das Logo und Symbol des weltweiten CVJM (Christlicher Verein Junger Menschen) ist ein rotes Dreieck mit einem schwarzen horizontalen Balken in der Mitte. So wie die CVJM-Arbeit K\u00f6rper, Seele und Geist beinhaltet, symbolisiert das Dreieck diese drei Aspekte.<\/p>\n\n\n\n<p class=\"has-dark-shade-color has-text-color\">Die obere Dreiecksseite (der Geist) wird von Seele und K\u00f6rper (die unteren schr\u00e4gen Dreiecksseiten) gest\u00fctzt. Alle drei Aspekte des Menschen sind \u2013 wie das Dreieck zeigt \u2013 miteinander verbunden. Und die Arbeit des CVJM soll dem ganzen Menschen dienen. Darum stehen die Buchstaben \u201eCVJM\u201c markant in der Mitte des Dreiecks.<\/p>\n\n\n\n<p class=\"has-dark-shade-color has-text-color\">\u00dcbrigens: die vier Buchstaben sind nicht immer gleich. CVJM hei\u00dft in anderen Sprachen nat\u00fcrlich anders. Und mittlerweile gibt es auch Nationalverb\u00e4nde, die nicht mehr das klassische \u201ealte\u201c CVJM-Dreieck haben.<\/p>\n\n\n\n<p><\/p>\n\n\n\n<p><\/p>\n\n\n\n<p><\/p>\n\n\n\n<p><\/p>\n\n\n\n<p><\/p>\n\n\n\n<p class=\"has-dark-shade-color has-text-color\"><\/p>\n\n\n\n<p><\/p>\n\n\n\n<p><\/p>\n\n\n\n<p><\/p>\n\n\n\n<p><\/p>\n\n\n\n<p><\/p>\n\n\n\n<p><\/p>\n\n\n\n<p><\/p>\n\n\n\n<p><\/p>\n\n\n\n<p><\/p>\n<\/div>\n<\/div>\n\n\n\n<div class=\"wp-block-columns is-layout-flex wp-container-core-columns-is-layout-28f84493 wp-block-columns-is-layout-flex\">\n<div class=\"wp-block-column is-style-blockbooster-boxshadow is-layout-flow wp-block-column-is-layout-flow\">\n<h4 class=\"has-dark-shade-color has-text-color wp-block-heading\">Wer erfand das CVJM Dreieck?<\/h4>\n\n\n\n<p class=\"has-dark-shade-color has-text-color\">Im Jahr 1890 wurde das CVJM-Dreieck im CVJM-Ausbildungszentrum Springfield-College eingef\u00fchrt. Zu dieser Zeit gab es noch keine Konzeption zur Sportarbeit im CVJM. Luther Halsey Gulick (er war 16 Jahre lang Sekret\u00e4r f\u00fcr die Sportarbeit des Internationalen Komitees der CVJM) stellte in seinem Vortrag \u201eDie kennzeichnenden Merkmale der Sportarbeit des Vereins\u201c vor. Dort wurden erstmalig offiziell die drei Schlagw\u00f6rter K\u00f6rper, Seele und Geist im Zusammenhang mit der CVJM-Arbeit gebraucht.<\/p>\n\n\n\n<p class=\"has-dark-shade-color has-text-color\">Gulick sagte, dass die Einheit von K\u00f6rper, Geist und Seele ein Grundmerkmal der Arbeit im CVJM sei. Daf\u00fcr hatte er auch eine biblische Erkl\u00e4rung: Jesus Christus war f\u00fcr den ganzen Menschen auf der Erde. So wie es in Lukas 10,27 steht: \u201eDu sollst den Herrn, deinen Gott, lieben von ganzem Herzen, von ganzer Seele, von allen Kr\u00e4ften und von ganzem Gem\u00fct.\u201c<\/p>\n\n\n\n<p class=\"has-dark-shade-color has-text-color\">In diesem Zusammenhang entwarf Gulick das umgekehrte gleichseitige Dreieck und erkl\u00e4rte, der CVJM sei die einzige gro\u00dfe Vereinigung weltweit, die diesen biblischen Gedanken in die Praxis umsetze.<\/p>\n<\/div>\n<\/div>\n\n\n\n<div class=\"wp-block-columns is-style-blockbooster-boxshadow-hover is-layout-flex wp-container-core-columns-is-layout-28f84493 wp-block-columns-is-layout-flex\">\n<div class=\"wp-block-column is-style-blockbooster-boxshadow is-layout-flow wp-block-column-is-layout-flow\">\n<h4 class=\"has-dark-shade-color has-text-color wp-block-heading\">Internationale Verbreitung<\/h4>\n\n\n\n<p class=\"has-dark-shade-color has-text-color\">Nachdem das im Jahr 1895 von der Jahreshauptversammlung beauftragte offizielle Zeichen f\u00fcr den CVJM sehr n\u00fcchtern ausfiel und auf wenig Zuspruch stie\u00df, wurde Gulicks einfaches Dreieck \u2013 das bis dahin schon zum inoffiziellen Zeichen des CVJM geworden war \u2013 zum offiziellen Vereinssymbol. Es wurde dann w\u00e4hrend des ersten Weltkrieges vom britischen CVJM eingef\u00fchrt und auch vom Weltbund allgemein angenommen.<\/p>\n\n\n\n<p class=\"has-dark-shade-color has-text-color\">Auch in Deutschland fand das Zeichen nach dem zweiten Weltkrieg dann schnell durch die Kriegsgefangenenhilfe des Weltbundes Verbreitung, sodass auch der CVJM-Gesamtverband in Deutschland e. V. dieses Symbol nun als Logo hat. Da der (deutsche) CVJM aber keine von oben regierte Organisation ist und sich die Arbeit bundesweit sehr vielf\u00e4ltig und bunt darstellt, finden sich deutschlandweit viele verschiedene Versionen und Abwandlungen des Dreiecks \u2013 bis dahin,&nbsp;zwar zum CVJM zu geh\u00f6ren und das Anliegen zu teilen, aber als Logo nicht das Dreieck zu haben.<\/p>\n\n\n\n<p class=\"has-dark-shade-color has-text-color\">Gemeinsam bilden wir eine gro\u00dfe CVJM-Familie, mit dem Anliegen, junge Menschen ganzheitlich \u2013 n\u00e4mlich in Seele, Geist und K\u00f6rper \u2013 in ihrem Leben zu st\u00e4rken. Dies tun wir vielerorts durch soziale und missionarische Angebote in der Kinder- und Jugendarbeit.<\/p>\n<\/div>\n<\/div>\n\n\n\n<div class=\"wp-block-columns is-layout-flex wp-container-core-columns-is-layout-28f84493 wp-block-columns-is-layout-flex\">\n<div class=\"wp-block-column is-layout-flow wp-block-column-is-layout-flow\"><\/div>\n<\/div>\n\n\n\n<p><\/p>\n","protected":false},"excerpt":{"rendered":"<p>Unser Auftrag unsere Basis Jesus Christus ist die Nummer eins in unserem Leben und wir wollen, dass junge Menschen ihn kennen lernen und ihr Leben unter seinen Einfluss stellen. Wir bringen das als CVJM auf einen Satz, er ist die Grundlage, das \u201eMission Statement\u201c in aller Welt, diesen Satz nennen wir Pariser Basis. Pariser Basis&#8230;<\/p>\n","protected":false},"author":1,"featured_media":0,"parent":0,"menu_order":0,"comment_status":"closed","ping_status":"closed","template":"","meta":{"footnotes":""},"class_list":["post-3079","page","type-page","status-publish","hentry"],"_links":{"self":[{"href":"https:\/\/cvjm-waiblingen.de\/index.php\/wp-json\/wp\/v2\/pages\/3079","targetHints":{"allow":["GET"]}}],"collection":[{"href":"https:\/\/cvjm-waiblingen.de\/index.php\/wp-json\/wp\/v2\/pages"}],"about":[{"href":"https:\/\/cvjm-waiblingen.de\/index.php\/wp-json\/wp\/v2\/types\/page"}],"author":[{"embeddable":true,"href":"https:\/\/cvjm-waiblingen.de\/index.php\/wp-json\/wp\/v2\/users\/1"}],"replies":[{"embeddable":true,"href":"https:\/\/cvjm-waiblingen.de\/index.php\/wp-json\/wp\/v2\/comments?post=3079"}],"version-history":[{"count":8,"href":"https:\/\/cvjm-waiblingen.de\/index.php\/wp-json\/wp\/v2\/pages\/3079\/revisions"}],"predecessor-version":[{"id":3513,"href":"https:\/\/cvjm-waiblingen.de\/index.php\/wp-json\/wp\/v2\/pages\/3079\/revisions\/3513"}],"wp:attachment":[{"href":"https:\/\/cvjm-waiblingen.de\/index.php\/wp-json\/wp\/v2\/media?parent=3079"}],"curies":[{"name":"wp","href":"https:\/\/api.w.org\/{rel}","templated":true}]}}