{"id":3085,"date":"2024-09-30T17:09:39","date_gmt":"2024-09-30T17:09:39","guid":{"rendered":"https:\/\/cvjm-waiblingen.de\/?page_id=3085"},"modified":"2024-10-28T11:25:59","modified_gmt":"2024-10-28T11:25:59","slug":"mitglied-werden","status":"publish","type":"page","link":"https:\/\/cvjm-waiblingen.de\/index.php\/mitglied-werden\/","title":{"rendered":"Mitglied werden"},"content":{"rendered":"\n\n\n<div class=\"wp-block-columns is-layout-flex wp-container-core-columns-is-layout-28f84493 wp-block-columns-is-layout-flex\">\n<div class=\"wp-block-column is-style-blockbooster-boxshadow-medium is-layout-flow wp-block-column-is-layout-flow\">\n<h4 class=\"has-dark-shade-color has-text-color wp-block-heading\">Was spricht daf\u00fcr ein Mitglied im CVJM zu sein?<\/h4>\n\n\n\n<p class=\"has-dark-shade-color has-text-color\">Kinder und Jugendliche brauchen Freunde. Die Jugendarbeit schafft bei Freizeiten, Ferientagheimen, in Gruppen, Jugendgottesdiensten, Kinder- und Konfitagen, bei Camps R\u00e4ume. R\u00e4ume in denen Freundschaften entstehen k\u00f6nnen.<\/p>\n\n\n\n<p class=\"has-dark-shade-color has-text-color\">Eine solche Arbeit braucht Menschen, die hinter der Arbeit stehen, die mitentscheiden und sagen: Das ist gut! Lasst uns dies oder jenes tun. Und lasst das bleiben. Wenn dir die Arbeit gef\u00e4llt und du sie unterst\u00fctzen willst, kannst du das tun, indem du Mitglied \u2013 selbst ein Teil \u2013 des Vereins wirst.<\/p>\n<\/div>\n<\/div>\n\n\n\n<div class=\"wp-block-columns is-layout-flex wp-container-core-columns-is-layout-28f84493 wp-block-columns-is-layout-flex\">\n<div class=\"wp-block-column is-style-blockbooster-boxshadow-medium is-layout-flow wp-block-column-is-layout-flow\">\n<h4 class=\"has-dark-shade-color has-text-color wp-block-heading\">Beitrittserkl\u00e4rung<\/h4>\n\n\n\n<p class=\"has-dark-shade-color has-text-color\">Beitrittserkl\u00e4rung: <a href=\"https:\/\/cvjm-waiblingen.de\/wp-content\/uploads\/2023\/01\/BEITRITTSFORMULAR-CVJM.pdf\">Download<\/a><br>Drucke dieses Formular aus und schicke die ausgef\u00fcllte Beitrittserkl\u00e4rung an: <br><em>Andrea B\u00f6hringer, Silcherstra\u00dfe 3, 71332 Waiblingen<\/em><\/p>\n\n\n\n<p class=\"has-dark-shade-color has-text-color\">Vielen Dank! Wir freuen uns auf dich! <\/p>\n\n\n\n<p class=\"has-dark-shade-color has-text-color\">Nach Einsendung bekommst du von uns ein Willkommensgeschenk mit Informationen rund um den CVJM, die Satzung und die Datenschutzerkl\u00e4rung.<\/p>\n<\/div>\n<\/div>\n\n\n\n<div class=\"wp-block-columns is-layout-flex wp-container-core-columns-is-layout-28f84493 wp-block-columns-is-layout-flex\">\n<div class=\"wp-block-column is-style-blockbooster-boxshadow-medium is-layout-flow wp-block-column-is-layout-flow\">\n<h4 class=\"has-dark-shade-color has-text-color wp-block-heading\">Unterst\u00fctzung und Spende<\/h4>\n\n\n\n<p class=\"has-dark-shade-color has-text-color\">Wenn du die Arbeit des CVJM Waiblingen unterst\u00fctzen willst, kannst du das auf vielf\u00e4ltige Weise tun:<\/p>\n\n\n\n<h5 class=\"has-dark-shade-color has-text-color wp-block-heading\"> <strong>Gebet<\/strong><\/h5>\n\n\n\n<p class=\"has-dark-shade-color has-text-color\">Jesus sagt: \u201eohne mich k\u00f6nnt ihr nichts tun\u201c. Wir Mitarbeiterinnen und Mitarbeiter wissen, dass unsere Arbeit bei allem pers\u00f6nlichen Einsatz nur dann dauerhaft Frucht bringen kann, wenn Jesus dahinter steht \u2013 mit seiner Kraft, mit seinem Wirken, mit seinem Geist.<\/p>\n\n\n\n<p class=\"has-dark-shade-color has-text-color\">Bitte bete f\u00fcr:<\/p>\n\n\n\n<ul class=\"has-dark-shade-color has-text-color wp-block-list\">\n<li>pfiffige Ideen in der Jugendarbeit<\/li>\n\n\n\n<li>f\u00fcr alle Mitarbeiter und Mitarbeiterinnen um Kraft und Schutz<\/li>\n\n\n\n<li>f\u00fcr die Kinder und Jugendlichen, die unsere Angebote besuchen, dass sie hier Werte und Halt finden, die sie ein Leben lang pr\u00e4gen und Jesus ganz pers\u00f6nlich kennenlernen,<\/li>\n\n\n\n<li>f\u00fcr die Verantwortlichen in der Gruppen- und Vereinsleitung um weise Entscheidungen und um gute Erkenntnis, was wann \u201edran\u201c ist<\/li>\n<\/ul>\n\n\n\n<h5 class=\"has-dark-shade-color has-text-color wp-block-heading\"><strong>Mitgliedschaft<\/strong><\/h5>\n\n\n\n<p class=\"has-dark-shade-color has-text-color\">Durch aktive Mitarbeit und Besuch unserer Angebote unterst\u00fctzt du die Arbeit des CVJM Waiblingen. Teilnahme im CVJM Waiblingen bedeutet immer auch gegenseitiges Geben und Nehmen. Wir haben Zeit f\u00fcreinander, sind offen f\u00fcr Gespr\u00e4ch, haben echtes Interesse \u2013 so wird jeder Teilnehmende zu einem wichtigen Baustein unserer Arbeit, sei es im Hauskreis, Posaunenchor oder in einer der Kinder- und Jugendgruppen. Mithilfe geschieht in vielf\u00e4ltiger Weise, durch regelm\u00e4\u00dfige Leiterschaft in Gruppen oder gelegentliche Hilfe bei Veranstaltungen. Sprich uns einfach an. Eine Beitrittserkl\u00e4rung findest du unter dem Stichwort: Mitglied werden und dem Link zum Formular.<\/p>\n\n\n\n<h5 class=\"has-dark-shade-color has-text-color wp-block-heading\"><strong>Spende<\/strong><\/h5>\n\n\n\n<p class=\"has-dark-shade-color has-text-color\">Die Mitarbeit im CVJM Waiblingen geschieht durchweg ehrenamtlich und ist nicht auf finanziellen Ertrag ausgerichtet. Doch die laufende CVJM-Arbeit kostet Geld, z.B. Versicherungsbeitr\u00e4ge, Spiel-, Sport- und Verbrauchsmaterialien f\u00fcr die Gruppenarbeit, Aus- und Weiterbildung der Mitarbeitenden, u.s.w.<br>Wenn du die Arbeit durch eine Geldspende unterst\u00fctzen willst, \u00fcberweise einen Betrag unter Angabe des Verwendungszwecks und deinem Absender auf unser Vereinskonto. Die Kontodaten findest du unter dem Stichwort Kontakt. <\/p>\n\n\n\n<p class=\"has-dark-shade-color has-text-color\">Vielen Herzlichen Dank! Eine Spendenbescheinigung wird bei einem Betrag von \u00fcber 100,00 Euro zugeschickt. F\u00fcr Betr\u00e4ge darunter reicht beim Finanzamt der Kontoauszug.<\/p>\n<\/div>\n<\/div>\n\n\n\n<div class=\"wp-block-columns has-dark-shade-color has-text-color is-layout-flex wp-container-core-columns-is-layout-28f84493 wp-block-columns-is-layout-flex\">\n<div class=\"wp-block-column is-layout-flow wp-block-column-is-layout-flow\"><\/div>\n<\/div>\n","protected":false},"excerpt":{"rendered":"<p>Was spricht daf\u00fcr ein Mitglied im CVJM zu sein? Kinder und Jugendliche brauchen Freunde. Die Jugendarbeit schafft bei Freizeiten, Ferientagheimen, in Gruppen, Jugendgottesdiensten, Kinder- und Konfitagen, bei Camps R\u00e4ume. R\u00e4ume in denen Freundschaften entstehen k\u00f6nnen. Eine solche Arbeit braucht Menschen, die hinter der Arbeit stehen, die mitentscheiden und sagen: Das ist gut! Lasst uns dies&#8230;<\/p>\n","protected":false},"author":1,"featured_media":0,"parent":0,"menu_order":0,"comment_status":"closed","ping_status":"closed","template":"","meta":{"footnotes":""},"class_list":["post-3085","page","type-page","status-publish","hentry"],"_links":{"self":[{"href":"https:\/\/cvjm-waiblingen.de\/index.php\/wp-json\/wp\/v2\/pages\/3085","targetHints":{"allow":["GET"]}}],"collection":[{"href":"https:\/\/cvjm-waiblingen.de\/index.php\/wp-json\/wp\/v2\/pages"}],"about":[{"href":"https:\/\/cvjm-waiblingen.de\/index.php\/wp-json\/wp\/v2\/types\/page"}],"author":[{"embeddable":true,"href":"https:\/\/cvjm-waiblingen.de\/index.php\/wp-json\/wp\/v2\/users\/1"}],"replies":[{"embeddable":true,"href":"https:\/\/cvjm-waiblingen.de\/index.php\/wp-json\/wp\/v2\/comments?post=3085"}],"version-history":[{"count":4,"href":"https:\/\/cvjm-waiblingen.de\/index.php\/wp-json\/wp\/v2\/pages\/3085\/revisions"}],"predecessor-version":[{"id":3442,"href":"https:\/\/cvjm-waiblingen.de\/index.php\/wp-json\/wp\/v2\/pages\/3085\/revisions\/3442"}],"wp:attachment":[{"href":"https:\/\/cvjm-waiblingen.de\/index.php\/wp-json\/wp\/v2\/media?parent=3085"}],"curies":[{"name":"wp","href":"https:\/\/api.w.org\/{rel}","templated":true}]}}