{"id":3093,"date":"2024-09-30T17:17:41","date_gmt":"2024-09-30T17:17:41","guid":{"rendered":"https:\/\/cvjm-waiblingen.de\/?page_id=3093"},"modified":"2024-10-10T21:14:08","modified_gmt":"2024-10-10T21:14:08","slug":"kontakt","status":"publish","type":"page","link":"https:\/\/cvjm-waiblingen.de\/index.php\/kontakt\/","title":{"rendered":"Kontakt"},"content":{"rendered":"\n\n\n<div class=\"wp-block-columns has-dark-shade-color has-text-color is-layout-flex wp-container-core-columns-is-layout-28f84493 wp-block-columns-is-layout-flex\">\n<div class=\"wp-block-column is-style-blockbooster-boxshadow is-layout-flow wp-block-column-is-layout-flow\">\n<p>CVJM Waiblingen e.V.<br>Silcherstra\u00dfe 3<br>71332 Waiblingen<br>Tel.: 07151 35261<br>E-Mail: vorstand@cvjm-waiblingen.de<\/p>\n<\/div>\n<\/div>\n\n\n\n<div class=\"wp-block-columns is-style-blockbooster-boxshadow has-dark-shade-color has-text-color is-layout-flex wp-container-core-columns-is-layout-28f84493 wp-block-columns-is-layout-flex\">\n<div class=\"wp-block-column is-layout-flow wp-block-column-is-layout-flow\">\n<h5 class=\"has-dark-shade-color has-text-color wp-block-heading\">Spendenkonto<\/h5>\n\n\n\n<p><strong>CVJM Waiblingen e.V.<\/strong><br>Volksbank Stuttgart<br>IBAN: DE94600901000416584004<\/p>\n\n\n\n<p>Wir bitten darum f\u00fcr Spendennachweise die vollst\u00e4ndige Adresse mit an zu geben. <br>F\u00fcr Spenden unter 100,- Euro gen\u00fcgt auch eine Kopie des Kontoauszugs bei der Steuererkl\u00e4rung.<\/p>\n<\/div>\n<\/div>\n\n\n\n<p><\/p>\n","protected":false},"excerpt":{"rendered":"<p>CVJM Waiblingen e.V.Silcherstra\u00dfe 371332 WaiblingenTel.: 07151 35261E-Mail: vorstand@cvjm-waiblingen.de Spendenkonto CVJM Waiblingen e.V.Volksbank StuttgartIBAN: DE94600901000416584004 Wir bitten darum f\u00fcr Spendennachweise die vollst\u00e4ndige Adresse mit an zu geben. F\u00fcr Spenden unter 100,- Euro gen\u00fcgt auch eine Kopie des Kontoauszugs bei der Steuererkl\u00e4rung.<\/p>\n","protected":false},"author":1,"featured_media":0,"parent":0,"menu_order":0,"comment_status":"closed","ping_status":"closed","template":"","meta":{"footnotes":""},"class_list":["post-3093","page","type-page","status-publish","hentry"],"_links":{"self":[{"href":"https:\/\/cvjm-waiblingen.de\/index.php\/wp-json\/wp\/v2\/pages\/3093","targetHints":{"allow":["GET"]}}],"collection":[{"href":"https:\/\/cvjm-waiblingen.de\/index.php\/wp-json\/wp\/v2\/pages"}],"about":[{"href":"https:\/\/cvjm-waiblingen.de\/index.php\/wp-json\/wp\/v2\/types\/page"}],"author":[{"embeddable":true,"href":"https:\/\/cvjm-waiblingen.de\/index.php\/wp-json\/wp\/v2\/users\/1"}],"replies":[{"embeddable":true,"href":"https:\/\/cvjm-waiblingen.de\/index.php\/wp-json\/wp\/v2\/comments?post=3093"}],"version-history":[{"count":3,"href":"https:\/\/cvjm-waiblingen.de\/index.php\/wp-json\/wp\/v2\/pages\/3093\/revisions"}],"predecessor-version":[{"id":3197,"href":"https:\/\/cvjm-waiblingen.de\/index.php\/wp-json\/wp\/v2\/pages\/3093\/revisions\/3197"}],"wp:attachment":[{"href":"https:\/\/cvjm-waiblingen.de\/index.php\/wp-json\/wp\/v2\/media?parent=3093"}],"curies":[{"name":"wp","href":"https:\/\/api.w.org\/{rel}","templated":true}]}}