{"id":97,"date":"2017-01-07T23:01:19","date_gmt":"2017-01-07T22:01:19","guid":{"rendered":"http:\/\/cvjm-waiblingen.de\/?page_id=97"},"modified":"2024-11-03T15:00:32","modified_gmt":"2024-11-03T15:00:32","slug":"impressum","status":"publish","type":"page","link":"https:\/\/cvjm-waiblingen.de\/index.php\/impressum\/","title":{"rendered":"Impressum"},"content":{"rendered":"\n<h5 class=\"has-heading-color-color has-text-color wp-block-heading\"><strong>Wer wir sind<\/strong><\/h5>\n\n\n\n<p class=\"has-heading-color-color has-text-color\">CVJM Waiblingen e.V.<br>Silcherstrasse 3<br>71332 Waiblingen<br>E-Mail: info@cvjm-waiblingen.de<br>Internet: www.cvjm-waiblingen.de<\/p>\n\n\n\n<h5 class=\"has-heading-color-color has-text-color wp-block-heading\"><strong>Vertretungsberechtigter Vorstand:<\/strong><\/h5>\n\n\n\n<p class=\"has-heading-color-color has-text-color\">Andrea B\u00f6hringer<br>Silcherstra\u00dfe 3<br>71332 Waiblingen<\/p>\n\n\n\n<p class=\"has-heading-color-color has-text-color\">Registergericht: Amtsgericht Waiblingen Registernummer: VR 260013<\/p>\n\n\n\n<h5 class=\"has-heading-color-color has-text-color wp-block-heading\"><strong>Verantwortlich f\u00fcr den Inhalt nach \u00a7 55 Abs. 2 RStV:<\/strong><\/h5>\n\n\n\n<p class=\"has-heading-color-color has-text-color\">Andrea B\u00f6hringer, Silcherstra\u00dfe 3, 71332 Waiblingen<\/p>\n\n\n\n<h2 class=\"has-heading-color-color has-text-color wp-block-heading\">Haftungsausschluss<\/h2>\n\n\n\n<h5 class=\"has-heading-color-color has-text-color wp-block-heading\">Haftung f\u00fcr Inhalte<\/h5>\n\n\n\n<p class=\"has-heading-color-color has-text-color\">Die Inhalte unserer Seiten wurden mit gr\u00f6\u00dfter Sorgfalt erstellt. F\u00fcr die Richtigkeit, Vollst\u00e4ndigkeit und Aktualit\u00e4t der Inhalte k\u00f6nnen wir jedoch keine Gew\u00e4hr \u00fcbernehmen.<\/p>\n\n\n\n<p class=\"has-heading-color-color has-text-color\">Als Diensteanbieter sind wir gem\u00e4\u00df \u00a7 7 Abs.1 Telemediengesetz (TMG) f\u00fcr eigene Inhalte auf diesen Seiten nach den allgemeinen Gesetzen verantwortlich. Nach \u00a7\u00a7 8 bis 10 TMG sind wir als Diensteanbieter jedoch nicht verpflichtet, \u00fcbermittelte oder gespeicherte fremde Informationen zu \u00fcberwachen oder nach Umst\u00e4nden zu forschen, die auf eine rechtswidrige T\u00e4tigkeit hinweisen. Verpflichtungen zur Entfernung oder Sperrung der Nutzung von Informationen nach den allgemeinen Gesetzen bleiben hiervon unber\u00fchrt. Eine diesbez\u00fcgliche Haftung ist jedoch erst ab dem Zeitpunkt der Kenntnis einer konkreten Rechtsverletzung m\u00f6glich. Bei bekannt werden von entsprechenden Rechtsverletzungen werden wir diese Inhalte umgehend entfernen.<\/p>\n\n\n\n<h5 class=\"has-heading-color-color has-text-color wp-block-heading\">Haftung f\u00fcr Links<\/h5>\n\n\n\n<p class=\"has-heading-color-color has-text-color\">Unser Angebot enth\u00e4lt Links zu externen Webseiten Dritter (CVJM Deutschland, Evang. Jugendwerk Bezirk Waiblingen, Evang. Kirchengemeinde Waiblingen), auf deren Inhalte wir keinen Einfluss haben. Deshalb k\u00f6nnen wir f\u00fcr diese fremden Inhalte auch keine Gew\u00e4hr \u00fcbernehmen. F\u00fcr die Inhalte der verlinkten Seiten ist stets der jeweilige Anbieter oder Betreiber der Seiten verantwortlich. Die verlinkten Seiten wurden zum Zeitpunkt der Verlinkung auf m\u00f6gliche Rechtsverst\u00f6\u00dfe \u00fcberpr\u00fcft. Rechtswidrige Inhalte waren zum Zeitpunkt der Verlinkung nicht erkennbar. Eine permanente inhaltliche Kontrolle der verlinkten Seiten ist jedoch ohne konkrete Anhaltspunkte einer Rechtsverletzung nicht zumutbar. Bei Bekanntwerden von Rechtsverletzungen werden wir derartige Links umgehend entfernen.<\/p>\n\n\n\n<h5 class=\"has-heading-color-color has-text-color wp-block-heading\">Urheberrecht<\/h5>\n\n\n\n<p class=\"has-heading-color-color has-text-color\">Die durch die Seitenbetreiber erstellten Inhalte und Werke auf diesen Seiten unterliegen dem deutschen Urheberrecht. Eine Vervielf\u00e4ltigung, Bearbeitung, Verbreitung und jede Art der Verwertung au\u00dferhalb der Grenzen des Urheberrechtes bed\u00fcrfen der schriftlichen Zustimmung des jeweiligen Autors bzw. Erstellers. Downloads und Kopien dieser Seite sind nur f\u00fcr den privaten, nicht kommerziellen Gebrauch gestattet. Soweit die Inhalte auf dieser Seite nicht vom Betreiber erstellt wurden, werden die Urheberrechte Dritter beachtet. Insbesondere werden Inhalte Dritter als solche gekennzeichnet. Sollten Sie trotzdem auf eine Urheberrechtsverletzung aufmerksam werden, bitten wir um einen entsprechenden Hinweis. Bei Bekanntwerden von Rechtsverletzungen werden wir derartige Inhalte umgehend entfernen.<\/p>\n\n\n\n<h5 class=\"has-heading-color-color has-text-color wp-block-heading\">Widerspruch Werbe-Mails<\/h5>\n\n\n\n<p class=\"has-heading-color-color has-text-color\">Der Nutzung zur \u00dcbersendung von nicht ausdr\u00fccklich angeforderter Werbung und Informationsmaterialien durch die im Rahmen der Impressumspflicht ver\u00f6ffentlichten Kontaktdaten wird hiermit widersprochen. Die Betreiber der Seiten behalten sich ausdr\u00fccklich rechtliche Schritte im Falle der unverlangten Zusendung von Werbeinformationen, etwa durch Spam-E-Mails, vor.<\/p>\n","protected":false},"excerpt":{"rendered":"<p>Wer wir sind CVJM Waiblingen e.V.Silcherstrasse 371332 WaiblingenE-Mail: info@cvjm-waiblingen.deInternet: www.cvjm-waiblingen.de Vertretungsberechtigter Vorstand: Andrea B\u00f6hringerSilcherstra\u00dfe 371332 Waiblingen Registergericht: Amtsgericht Waiblingen Registernummer: VR 260013 Verantwortlich f\u00fcr den Inhalt nach \u00a7 55 Abs. 2 RStV: Andrea B\u00f6hringer, Silcherstra\u00dfe 3, 71332 Waiblingen Haftungsausschluss Haftung f\u00fcr Inhalte Die Inhalte unserer Seiten wurden mit gr\u00f6\u00dfter Sorgfalt erstellt. F\u00fcr die Richtigkeit, Vollst\u00e4ndigkeit&#8230;<\/p>\n","protected":false},"author":3,"featured_media":0,"parent":0,"menu_order":0,"comment_status":"closed","ping_status":"closed","template":"","meta":{"footnotes":""},"class_list":["post-97","page","type-page","status-publish","hentry"],"_links":{"self":[{"href":"https:\/\/cvjm-waiblingen.de\/index.php\/wp-json\/wp\/v2\/pages\/97","targetHints":{"allow":["GET"]}}],"collection":[{"href":"https:\/\/cvjm-waiblingen.de\/index.php\/wp-json\/wp\/v2\/pages"}],"about":[{"href":"https:\/\/cvjm-waiblingen.de\/index.php\/wp-json\/wp\/v2\/types\/page"}],"author":[{"embeddable":true,"href":"https:\/\/cvjm-waiblingen.de\/index.php\/wp-json\/wp\/v2\/users\/3"}],"replies":[{"embeddable":true,"href":"https:\/\/cvjm-waiblingen.de\/index.php\/wp-json\/wp\/v2\/comments?post=97"}],"version-history":[{"count":3,"href":"https:\/\/cvjm-waiblingen.de\/index.php\/wp-json\/wp\/v2\/pages\/97\/revisions"}],"predecessor-version":[{"id":3562,"href":"https:\/\/cvjm-waiblingen.de\/index.php\/wp-json\/wp\/v2\/pages\/97\/revisions\/3562"}],"wp:attachment":[{"href":"https:\/\/cvjm-waiblingen.de\/index.php\/wp-json\/wp\/v2\/media?parent=97"}],"curies":[{"name":"wp","href":"https:\/\/api.w.org\/{rel}","templated":true}]}}